{"id":510021,"date":"2025-07-18T16:23:39","date_gmt":"2025-07-18T14:23:39","guid":{"rendered":"https:\/\/lucacastelli.com\/prodotto\/fraises-hss-milwaukee-4\/"},"modified":"2025-07-18T16:23:39","modified_gmt":"2025-07-18T14:23:39","slug":"fraises-hss-milwaukee-4","status":"publish","type":"product","link":"https:\/\/lucacastelli.com\/fr\/produit\/fraises-hss-milwaukee-4\/","title":{"rendered":"Fraises HSS Milwaukee"},"content":{"rendered":"<p>100% plus rapide Gr\u00e2ce \u00e0 un plus grand nombre d&#8217;ar\u00eates de coupe, le per\u00e7age avec les fraises est nettement plus rapide;Dur\u00e9e de vie plus longue. La fraise subit moins de friction pendant le per\u00e7age qu&#8217;un foret m\u00e9tallique classique. Cette caract\u00e9ristique, associ\u00e9e \u00e0 l&#8217;\u00e9paisseur de 6 mm, minimise le risque de rupture de la fraise elle-m\u00eame;Fraises HSS \u00e0 parois plus \u00e9paisses pour une dur\u00e9e de vie et une durabilit\u00e9 accrues;Fraises m\u00e9talliques HSS de 19 mm avec tige Weldon  <\/p>\n","protected":false},"excerpt":{"rendered":"<p>100% plus rapide Gr\u00e2ce \u00e0 un plus grand nombre d&#8217;ar\u00eates de coupe, le per\u00e7age avec les fraises est nettement plus<\/p>\n","protected":false},"featured_media":486380,"template":"","meta":{"_seopress_robots_primary_cat":"","_seopress_titles_title":"","_seopress_titles_desc":"","_seopress_robots_index":""},"product_brand":[3407],"product_cat":[29,549,550],"product_tag":[3270],"class_list":{"0":"post-510021","1":"product","2":"type-product","3":"status-publish","4":"has-post-thumbnail","6":"product_brand-milwaukee","7":"product_cat-macchinari","8":"product_cat-trapani-e-avvitatori","9":"product_cat-accessori-per-trapani-ed-avvitatori","10":"product_tag-import-milwau","11":"sws-gruppo-macchinari-fr","12":"sws-conto-ricavi-merci-rivendita-macchinari-fr","13":"sws-gruppo-iva-iva81-fr","15":"first","16":"onbackorder","17":"sale","18":"shipping-taxable","19":"purchasable","20":"product-type-simple"},"_links":{"self":[{"href":"https:\/\/lucacastelli.com\/fr\/wp-json\/wp\/v2\/product\/510021","targetHints":{"allow":["GET"]}}],"collection":[{"href":"https:\/\/lucacastelli.com\/fr\/wp-json\/wp\/v2\/product"}],"about":[{"href":"https:\/\/lucacastelli.com\/fr\/wp-json\/wp\/v2\/types\/product"}],"wp:featuredmedia":[{"embeddable":true,"href":"https:\/\/lucacastelli.com\/fr\/wp-json\/wp\/v2\/media\/486380"}],"wp:attachment":[{"href":"https:\/\/lucacastelli.com\/fr\/wp-json\/wp\/v2\/media?parent=510021"}],"wp:term":[{"taxonomy":"product_brand","embeddable":true,"href":"https:\/\/lucacastelli.com\/fr\/wp-json\/wp\/v2\/product_brand?post=510021"},{"taxonomy":"product_cat","embeddable":true,"href":"https:\/\/lucacastelli.com\/fr\/wp-json\/wp\/v2\/product_cat?post=510021"},{"taxonomy":"product_tag","embeddable":true,"href":"https:\/\/lucacastelli.com\/fr\/wp-json\/wp\/v2\/product_tag?post=510021"}],"curies":[{"name":"wp","href":"https:\/\/api.w.org\/{rel}","templated":true}]}}