{"id":509971,"date":"2025-07-18T16:23:43","date_gmt":"2025-07-18T14:23:43","guid":{"rendered":"https:\/\/lucacastelli.com\/prodotto\/milwaukee-tct-core-drills-systeme-sds-max-2\/"},"modified":"2025-07-18T16:23:43","modified_gmt":"2025-07-18T14:23:43","slug":"milwaukee-tct-core-drills-systeme-sds-max-2","status":"publish","type":"product","link":"https:\/\/lucacastelli.com\/fr\/produit\/milwaukee-tct-core-drills-systeme-sds-max-2\/","title":{"rendered":"Milwaukee TCT Core Drills &#8211; Syst\u00e8me SDS-Max"},"content":{"rendered":"<p>Syst\u00e8me extr\u00eamement flexible permettant diff\u00e9rentes combinaisons de longueurs et de diam\u00e8tres. Pour les foreuses \u00e0 couronne et \u00e0 tunnel. Un maximum de 3 extensions est recommand\u00e9. Plus de polyvalence signifie moins de forets = moins de poids dans le sac de l&#8217;utilisateur;Peut \u00eatre utilis\u00e9 sur des marteaux jusqu&#8217;\u00e0 8 kg;Forets pour tunnels (fournis avec goujon filet\u00e9);Ne pas utiliser dans le b\u00e9ton arm\u00e9   <\/p>\n","protected":false},"excerpt":{"rendered":"<p>Syst\u00e8me extr\u00eamement flexible permettant diff\u00e9rentes combinaisons de longueurs et de diam\u00e8tres. Pour les foreuses \u00e0 couronne et \u00e0 tunnel. Un<\/p>\n","protected":false},"featured_media":491148,"template":"","meta":{"_seopress_robots_primary_cat":"","_seopress_titles_title":"","_seopress_titles_desc":"","_seopress_robots_index":""},"product_brand":[3407],"product_cat":[29,549,550],"product_tag":[3270],"class_list":{"0":"post-509971","1":"product","2":"type-product","3":"status-publish","4":"has-post-thumbnail","6":"product_brand-milwaukee","7":"product_cat-macchinari","8":"product_cat-trapani-e-avvitatori","9":"product_cat-accessori-per-trapani-ed-avvitatori","10":"product_tag-import-milwau","11":"sws-gruppo-macchinari-fr","12":"sws-conto-ricavi-merci-rivendita-macchinari-fr","13":"sws-gruppo-iva-iva81-fr","15":"first","16":"onbackorder","17":"sale","18":"shipping-taxable","19":"purchasable","20":"product-type-simple"},"_links":{"self":[{"href":"https:\/\/lucacastelli.com\/fr\/wp-json\/wp\/v2\/product\/509971","targetHints":{"allow":["GET"]}}],"collection":[{"href":"https:\/\/lucacastelli.com\/fr\/wp-json\/wp\/v2\/product"}],"about":[{"href":"https:\/\/lucacastelli.com\/fr\/wp-json\/wp\/v2\/types\/product"}],"wp:featuredmedia":[{"embeddable":true,"href":"https:\/\/lucacastelli.com\/fr\/wp-json\/wp\/v2\/media\/491148"}],"wp:attachment":[{"href":"https:\/\/lucacastelli.com\/fr\/wp-json\/wp\/v2\/media?parent=509971"}],"wp:term":[{"taxonomy":"product_brand","embeddable":true,"href":"https:\/\/lucacastelli.com\/fr\/wp-json\/wp\/v2\/product_brand?post=509971"},{"taxonomy":"product_cat","embeddable":true,"href":"https:\/\/lucacastelli.com\/fr\/wp-json\/wp\/v2\/product_cat?post=509971"},{"taxonomy":"product_tag","embeddable":true,"href":"https:\/\/lucacastelli.com\/fr\/wp-json\/wp\/v2\/product_tag?post=509971"}],"curies":[{"name":"wp","href":"https:\/\/api.w.org\/{rel}","templated":true}]}}