{"id":509935,"date":"2025-07-18T16:24:10","date_gmt":"2025-07-18T14:24:10","guid":{"rendered":"https:\/\/lucacastelli.com\/prodotto\/milwaukee-ciseau-a-gouge-2\/"},"modified":"2025-07-18T16:24:10","modified_gmt":"2025-07-18T14:24:10","slug":"milwaukee-ciseau-a-gouge-2","status":"publish","type":"product","link":"https:\/\/lucacastelli.com\/fr\/produit\/milwaukee-ciseau-a-gouge-2\/","title":{"rendered":"Milwaukee Ciseau \u00e0 gouge"},"content":{"rendered":"<p>Enl\u00e8vement du mat\u00e9riau dans les rainures des tuyaux et des fils ; convient \u00e0 la ma\u00e7onnerie, aux blocs a\u00e9r\u00e9s et au b\u00e9ton.<\/p>\n","protected":false},"excerpt":{"rendered":"<p>Enl\u00e8vement du mat\u00e9riau dans les rainures des tuyaux et des fils ; convient \u00e0 la ma\u00e7onnerie, aux blocs a\u00e9r\u00e9s et<\/p>\n","protected":false},"featured_media":491212,"template":"","meta":{"_seopress_robots_primary_cat":"","_seopress_titles_title":"","_seopress_titles_desc":"","_seopress_robots_index":""},"product_brand":[3407],"product_cat":[29,549,550],"product_tag":[3270],"class_list":{"0":"post-509935","1":"product","2":"type-product","3":"status-publish","4":"has-post-thumbnail","6":"product_brand-milwaukee","7":"product_cat-macchinari","8":"product_cat-trapani-e-avvitatori","9":"product_cat-accessori-per-trapani-ed-avvitatori","10":"product_tag-import-milwau","11":"sws-gruppo-macchinari-fr","12":"sws-conto-ricavi-merci-rivendita-macchinari-fr","13":"sws-gruppo-iva-iva81-fr","15":"first","16":"onbackorder","17":"sale","18":"shipping-taxable","19":"purchasable","20":"product-type-simple"},"_links":{"self":[{"href":"https:\/\/lucacastelli.com\/fr\/wp-json\/wp\/v2\/product\/509935","targetHints":{"allow":["GET"]}}],"collection":[{"href":"https:\/\/lucacastelli.com\/fr\/wp-json\/wp\/v2\/product"}],"about":[{"href":"https:\/\/lucacastelli.com\/fr\/wp-json\/wp\/v2\/types\/product"}],"wp:featuredmedia":[{"embeddable":true,"href":"https:\/\/lucacastelli.com\/fr\/wp-json\/wp\/v2\/media\/491212"}],"wp:attachment":[{"href":"https:\/\/lucacastelli.com\/fr\/wp-json\/wp\/v2\/media?parent=509935"}],"wp:term":[{"taxonomy":"product_brand","embeddable":true,"href":"https:\/\/lucacastelli.com\/fr\/wp-json\/wp\/v2\/product_brand?post=509935"},{"taxonomy":"product_cat","embeddable":true,"href":"https:\/\/lucacastelli.com\/fr\/wp-json\/wp\/v2\/product_cat?post=509935"},{"taxonomy":"product_tag","embeddable":true,"href":"https:\/\/lucacastelli.com\/fr\/wp-json\/wp\/v2\/product_tag?post=509935"}],"curies":[{"name":"wp","href":"https:\/\/api.w.org\/{rel}","templated":true}]}}