{"id":509880,"date":"2025-07-18T16:24:36","date_gmt":"2025-07-18T14:24:36","guid":{"rendered":"https:\/\/lucacastelli.com\/prodotto\/milwaukee-sds-plus-m2-2-cutter-drills-8\/"},"modified":"2025-07-18T16:24:36","modified_gmt":"2025-07-18T14:24:36","slug":"milwaukee-sds-plus-m2-2-cutter-drills-8","status":"publish","type":"product","link":"https:\/\/lucacastelli.com\/fr\/produit\/milwaukee-sds-plus-m2-2-cutter-drills-8\/","title":{"rendered":"Milwaukee SDS-Plus M2 2-cutter drills"},"content":{"rendered":"<p>Dents de d\u00e9molition : 3 dents de d\u00e9molition tr\u00e8s agressives. Elles produisent un effet ZolldemolitionZoll qui entra\u00eene des micro-fractures dans le mat\u00e9riau, ce qui rend le per\u00e7age extr\u00eamement rapide. JUSQU&#8217;\u00c0 25 % plus rapide ; La pointe de centrage assure des temps de per\u00e7age rapides et une pr\u00e9cision maximale. Emp\u00eache \u00e9galement le glissement sur les surfaces lisses;Chanfreinage de l&#8217;ar\u00eate de coupe. Pr\u00e9vient les dommages et le blocage du foret sur les barres d&#8217;armature ou d&#8217;autres mat\u00e9riaux durs. R\u00e9duit la friction lors du per\u00e7age pour une plus grande vitesse;Conception de la rainure. L&#8217;\u00e9paulement de la rainure s&#8217;affine \u00e0 mesure qu&#8217;il s&#8217;approche de l&#8217;ar\u00eate de coupe, ce qui rend le foret extr\u00eamement rapide lors du per\u00e7age car il r\u00e9duit la friction avec le mat\u00e9riau. Cela permet de r\u00e9duire l&#8217;absorption d&#8217;\u00e9nergie et donc d&#8217;augmenter la plage de travail, ce qui se traduit par un plus grand nombre de trous par charge. C&#8217;est la solution id\u00e9ale pour les perceuses sans fil. Rainure profonde optimis\u00e9e pour une meilleure extraction de la poussi\u00e8re. La conception de la rainure renforc\u00e9e permet : un transfert complet de l&#8217;\u00e9nergie vers le foret, moins de vibrations, une r\u00e9sistance exceptionnelle \u00e0 la rupture et une dur\u00e9e de vie maximale;Fabriqu\u00e9 en Allemagne;Vitesse de per\u00e7age maximale : la forme sp\u00e9ciale de la t\u00eate permet un per\u00e7age rapide et un excellent enl\u00e8vement de mati\u00e8re;Dur\u00e9e de vie maximale : la durabilit\u00e9 du foret est assur\u00e9e par les ar\u00eates de coupe en carbure avec une conception optimis\u00e9e et une soudure extr\u00eamement r\u00e9sistante          <\/p>\n","protected":false},"excerpt":{"rendered":"<p>Dents de d\u00e9molition : 3 dents de d\u00e9molition tr\u00e8s agressives. Elles produisent un effet ZolldemolitionZoll qui entra\u00eene des micro-fractures dans<\/p>\n","protected":false},"featured_media":491276,"template":"","meta":{"_seopress_robots_primary_cat":"","_seopress_titles_title":"","_seopress_titles_desc":"","_seopress_robots_index":""},"product_brand":[3407],"product_cat":[29,549,550],"product_tag":[3270],"class_list":{"0":"post-509880","1":"product","2":"type-product","3":"status-publish","4":"has-post-thumbnail","6":"product_brand-milwaukee","7":"product_cat-macchinari","8":"product_cat-trapani-e-avvitatori","9":"product_cat-accessori-per-trapani-ed-avvitatori","10":"product_tag-import-milwau","11":"sws-gruppo-macchinari-fr","12":"sws-conto-ricavi-merci-rivendita-macchinari-fr","13":"sws-gruppo-iva-iva81-fr","15":"first","16":"onbackorder","17":"sale","18":"shipping-taxable","19":"purchasable","20":"product-type-simple"},"_links":{"self":[{"href":"https:\/\/lucacastelli.com\/fr\/wp-json\/wp\/v2\/product\/509880","targetHints":{"allow":["GET"]}}],"collection":[{"href":"https:\/\/lucacastelli.com\/fr\/wp-json\/wp\/v2\/product"}],"about":[{"href":"https:\/\/lucacastelli.com\/fr\/wp-json\/wp\/v2\/types\/product"}],"wp:featuredmedia":[{"embeddable":true,"href":"https:\/\/lucacastelli.com\/fr\/wp-json\/wp\/v2\/media\/491276"}],"wp:attachment":[{"href":"https:\/\/lucacastelli.com\/fr\/wp-json\/wp\/v2\/media?parent=509880"}],"wp:term":[{"taxonomy":"product_brand","embeddable":true,"href":"https:\/\/lucacastelli.com\/fr\/wp-json\/wp\/v2\/product_brand?post=509880"},{"taxonomy":"product_cat","embeddable":true,"href":"https:\/\/lucacastelli.com\/fr\/wp-json\/wp\/v2\/product_cat?post=509880"},{"taxonomy":"product_tag","embeddable":true,"href":"https:\/\/lucacastelli.com\/fr\/wp-json\/wp\/v2\/product_tag?post=509880"}],"curies":[{"name":"wp","href":"https:\/\/api.w.org\/{rel}","templated":true}]}}