{"id":509749,"date":"2025-07-18T16:24:38","date_gmt":"2025-07-18T14:24:38","guid":{"rendered":"https:\/\/lucacastelli.com\/prodotto\/meches-sds-plus-milwaukee-tct\/"},"modified":"2025-07-18T16:24:38","modified_gmt":"2025-07-18T14:24:38","slug":"meches-sds-plus-milwaukee-tct","status":"publish","type":"product","link":"https:\/\/lucacastelli.com\/fr\/produit\/meches-sds-plus-milwaukee-tct\/","title":{"rendered":"M\u00e8ches SDS-Plus Milwaukee TCT"},"content":{"rendered":"<p>Pour marteaux rotatifs jusqu&#8217;\u00e0 4 kg;Tous les marteaux rotatifs ont une tige M 16 et peuvent \u00eatre utilis\u00e9s avec la tige FIXTEC SDS-plus ou FIXTEC Hex 11 mm;Une tige et un foret pilote sont n\u00e9cessaires;Fabriqu\u00e9 en Allemagne;Ne convient pas pour une utilisation dans le b\u00e9ton arm\u00e9<\/p>\n","protected":false},"excerpt":{"rendered":"<p>Pour marteaux rotatifs jusqu&#8217;\u00e0 4 kg;Tous les marteaux rotatifs ont une tige M 16 et peuvent \u00eatre utilis\u00e9s avec la<\/p>\n","protected":false},"featured_media":491311,"template":"","meta":{"_seopress_robots_primary_cat":"","_seopress_titles_title":"","_seopress_titles_desc":"","_seopress_robots_index":""},"product_brand":[3658],"product_cat":[167,1552,1555],"product_tag":[3273],"class_list":{"0":"post-509749","1":"product","2":"type-product","3":"status-publish","4":"has-post-thumbnail","6":"product_brand-milwaukee-fr","7":"product_cat-machines","8":"product_cat-perceuses-et-tournevis","9":"product_cat-accessoires-pour-perceuses-et-tournevis","10":"product_tag-import-milwau-fr","11":"sws-gruppo-macchinari-fr","12":"sws-conto-ricavi-merci-rivendita-macchinari-fr","13":"sws-gruppo-iva-iva81-fr","15":"first","16":"onbackorder","17":"sale","18":"shipping-taxable","19":"purchasable","20":"product-type-simple"},"_links":{"self":[{"href":"https:\/\/lucacastelli.com\/fr\/wp-json\/wp\/v2\/product\/509749","targetHints":{"allow":["GET"]}}],"collection":[{"href":"https:\/\/lucacastelli.com\/fr\/wp-json\/wp\/v2\/product"}],"about":[{"href":"https:\/\/lucacastelli.com\/fr\/wp-json\/wp\/v2\/types\/product"}],"wp:featuredmedia":[{"embeddable":true,"href":"https:\/\/lucacastelli.com\/fr\/wp-json\/wp\/v2\/media\/491311"}],"wp:attachment":[{"href":"https:\/\/lucacastelli.com\/fr\/wp-json\/wp\/v2\/media?parent=509749"}],"wp:term":[{"taxonomy":"product_brand","embeddable":true,"href":"https:\/\/lucacastelli.com\/fr\/wp-json\/wp\/v2\/product_brand?post=509749"},{"taxonomy":"product_cat","embeddable":true,"href":"https:\/\/lucacastelli.com\/fr\/wp-json\/wp\/v2\/product_cat?post=509749"},{"taxonomy":"product_tag","embeddable":true,"href":"https:\/\/lucacastelli.com\/fr\/wp-json\/wp\/v2\/product_tag?post=509749"}],"curies":[{"name":"wp","href":"https:\/\/api.w.org\/{rel}","templated":true}]}}