{"id":509720,"date":"2025-07-24T07:41:34","date_gmt":"2025-07-24T05:41:34","guid":{"rendered":"https:\/\/lucacastelli.com\/?post_type=product&#038;p=509720"},"modified":"2026-04-16T01:19:57","modified_gmt":"2026-04-15T23:19:57","slug":"pfanner-ventilation-pantalon-de-protection-bleu-roi-copia-copia-copia-copia","status":"publish","type":"product","link":"https:\/\/lucacastelli.com\/fr\/produit\/pfanner-ventilation-pantalon-de-protection-bleu-roi-copia-copia-copia-copia\/","title":{"rendered":"PFANNER Globe Pantalon outdoor gris"},"content":{"rendered":"<p>Le pantalon Globe Outdoor est parfait pour les activit\u00e9s de plein air les plus exigeantes \u00e0 tous points de vue. Libert\u00e9 de mouvement maximale et tissu d\u00e9perlant et r\u00e9sistant \u00e0 la salet\u00e9, le tout avec un poids extr\u00eamement r\u00e9duit. Le tissu est tr\u00e8s respirant et r\u00e9sistant. Le renfort en Kevlar aux genoux et \u00e0 l\u2019int\u00e9rieur des jambes augmente la durabilit\u00e9 et offre une protection suppl\u00e9mentaire lors de l\u2019escalade. Les gu\u00eatres amovibles prot\u00e8gent des tiques, de la salet\u00e9 et de la neige. Gr\u00e2ce \u00e0 ces gu\u00eatres, nous renon\u00e7ons totalement aux imperm\u00e9abilisants nocifs pour la peau tout en prot\u00e9geant contre les parasites.<br \/>\n-Technologie StretchAIR\u00ae<br \/>\n-Gu\u00eatres amovibles<br \/>\n-Renforts en Kevlar aux genoux et \u00e0 l\u2019int\u00e9rieur des jambes<br \/>\n-D\u00e9perlant et r\u00e9sistant \u00e0 la salet\u00e9<br \/>\n-S\u00e9chage rapide<br \/>\n-Bandes r\u00e9fl\u00e9chissantes     <\/p>\n<p>Mati\u00e8re : 92 % polyamide, 8 % \u00e9lasthanne<\/p>\n<p>&nbsp;<\/p>\n<p>&nbsp;<\/p>\n","protected":false},"excerpt":{"rendered":"<p>Le pantalon Globe Outdoor est parfait pour les activit\u00e9s de plein air les plus exigeantes \u00e0 tous points de vue.<\/p>\n","protected":false},"featured_media":509773,"template":"","meta":{"_seopress_robots_primary_cat":"none","_seopress_titles_title":"","_seopress_titles_desc":"","_seopress_robots_index":""},"product_brand":[3669],"product_cat":[81,981,1381,982],"product_tag":[],"class_list":{"0":"post-509720","1":"product","2":"type-product","3":"status-publish","4":"has-post-thumbnail","6":"product_brand-pfanner-fr","7":"product_cat-vetements","8":"product_cat-vetements-de-loisirs","9":"product_cat-vetements-de-travail","10":"product_cat-vetements-pour-hommes","11":"sws-gruppo-no-gruppo-fr","12":"sws-conto-ricavi-merci-rivendita-abbigliamento-fr","13":"sws-gruppo-iva-iva81-fr","15":"first","16":"instock","17":"shipping-taxable","18":"purchasable","19":"product-type-variable","20":"has-default-attributes"},"_links":{"self":[{"href":"https:\/\/lucacastelli.com\/fr\/wp-json\/wp\/v2\/product\/509720","targetHints":{"allow":["GET"]}}],"collection":[{"href":"https:\/\/lucacastelli.com\/fr\/wp-json\/wp\/v2\/product"}],"about":[{"href":"https:\/\/lucacastelli.com\/fr\/wp-json\/wp\/v2\/types\/product"}],"wp:featuredmedia":[{"embeddable":true,"href":"https:\/\/lucacastelli.com\/fr\/wp-json\/wp\/v2\/media\/509773"}],"wp:attachment":[{"href":"https:\/\/lucacastelli.com\/fr\/wp-json\/wp\/v2\/media?parent=509720"}],"wp:term":[{"taxonomy":"product_brand","embeddable":true,"href":"https:\/\/lucacastelli.com\/fr\/wp-json\/wp\/v2\/product_brand?post=509720"},{"taxonomy":"product_cat","embeddable":true,"href":"https:\/\/lucacastelli.com\/fr\/wp-json\/wp\/v2\/product_cat?post=509720"},{"taxonomy":"product_tag","embeddable":true,"href":"https:\/\/lucacastelli.com\/fr\/wp-json\/wp\/v2\/product_tag?post=509720"}],"curies":[{"name":"wp","href":"https:\/\/api.w.org\/{rel}","templated":true}]}}