{"id":509086,"date":"2025-05-31T22:59:38","date_gmt":"2025-05-31T20:59:38","guid":{"rendered":"https:\/\/lucacastelli.com\/prodotto\/stihl-bga-60-sans-accu-ni-chargeur\/"},"modified":"2026-03-04T15:04:08","modified_gmt":"2026-03-04T14:04:08","slug":"stihl-bga-60-sans-accu-ni-chargeur","status":"publish","type":"product","link":"https:\/\/lucacastelli.com\/fr\/produit\/stihl-bga-60-sans-accu-ni-chargeur\/","title":{"rendered":"STIHL BGA 60, sans batterie ni chargeur"},"content":{"rendered":"<p>Le souffleur \u00e0 batterie le plus puissant du syst\u00e8me STIHL AK. Id\u00e9al pour souffler les feuilles, le papier et autres d\u00e9bris autour de la maison. R\u00e9glage variable de la force de soufflage avec mode boost suppl\u00e9mentaire pour une puissance de soufflage jusqu\u2019\u00e0 60 % sup\u00e9rieure \u00e0 celle du BGA 57. Moteur EC puissant et robuste, buse ronde, tube de soufflage r\u00e9glable en longueur avec anneau m\u00e9tallique de protection contre l\u2019usure.<br \/>\n886661315871   <\/p>\n<p>Tension nominale 36<br \/>\nSyst\u00e8me \u00e0 batterie Syst\u00e8me \u00e0 batterie<\/p>\n<p>Poids de l\u2019appareil Poids de l\u2019appareil<br \/>\nIndice de protection IP N\/A<br \/>\nVitesse d\u2019air max. avec buse ronde 69,0<\/p>\n","protected":false},"excerpt":{"rendered":"<p>BGA 60, sans batterie ni chargeur<\/p>\n","protected":false},"featured_media":423926,"template":"","meta":{"_seopress_robots_primary_cat":"","_seopress_titles_title":"","_seopress_titles_desc":"","_seopress_robots_index":""},"product_brand":[3366],"product_cat":[29,485,489],"product_tag":[3265],"class_list":{"0":"post-509086","1":"product","2":"type-product","3":"status-publish","4":"has-post-thumbnail","6":"product_brand-stihl","7":"product_cat-macchinari","8":"product_cat-soffiatori-e-aspiratori","9":"product_cat-soffiatori-a-batteria","10":"product_tag-import-stihl","11":"sws-gruppo-macchinari-fr","12":"sws-conto-ricavi-merci-rivendita-macchinari-fr","13":"sws-gruppo-iva-iva81-fr","15":"first","16":"onbackorder","17":"purchasable","18":"product-type-simple"},"_links":{"self":[{"href":"https:\/\/lucacastelli.com\/fr\/wp-json\/wp\/v2\/product\/509086","targetHints":{"allow":["GET"]}}],"collection":[{"href":"https:\/\/lucacastelli.com\/fr\/wp-json\/wp\/v2\/product"}],"about":[{"href":"https:\/\/lucacastelli.com\/fr\/wp-json\/wp\/v2\/types\/product"}],"wp:featuredmedia":[{"embeddable":true,"href":"https:\/\/lucacastelli.com\/fr\/wp-json\/wp\/v2\/media\/423926"}],"wp:attachment":[{"href":"https:\/\/lucacastelli.com\/fr\/wp-json\/wp\/v2\/media?parent=509086"}],"wp:term":[{"taxonomy":"product_brand","embeddable":true,"href":"https:\/\/lucacastelli.com\/fr\/wp-json\/wp\/v2\/product_brand?post=509086"},{"taxonomy":"product_cat","embeddable":true,"href":"https:\/\/lucacastelli.com\/fr\/wp-json\/wp\/v2\/product_cat?post=509086"},{"taxonomy":"product_tag","embeddable":true,"href":"https:\/\/lucacastelli.com\/fr\/wp-json\/wp\/v2\/product_tag?post=509086"}],"curies":[{"name":"wp","href":"https:\/\/api.w.org\/{rel}","templated":true}]}}