{"id":508840,"date":"2025-07-18T16:32:17","date_gmt":"2025-07-18T14:32:17","guid":{"rendered":"https:\/\/lucacastelli.com\/prodotto\/milwaukee-sds-max-perce-4-tranchants-12\/"},"modified":"2025-07-18T16:32:17","modified_gmt":"2025-07-18T14:32:17","slug":"milwaukee-sds-max-perce-4-tranchants-12","status":"publish","type":"product","link":"https:\/\/lucacastelli.com\/fr\/produit\/milwaukee-sds-max-perce-4-tranchants-12\/","title":{"rendered":"Milwaukee SDS-Max perce 4 tranchants"},"content":{"rendered":"<p>Large ar\u00eate de coupe avec coins arrondis. Permet de r\u00e9duire les vibrations et d&#8217;optimiser les performances de forage dans les applications de b\u00e9ton arm\u00e9. Dur\u00e9e de vie du foret plus longue;G\u00e9om\u00e9trie de la t\u00eate 4 x 90\u00b0. Permet des trous pr\u00e9cis et d&#8217;excellentes performances de forage, m\u00eame en pr\u00e9sence d&#8217;armatures;Ar\u00eate de coupe primaire de 130\u00b0.L&#8217;angle d&#8217;ar\u00eate de coupe de 130\u00b0 permet des performances optimales lors d&#8217;applications en pr\u00e9sence d&#8217;armatures et une excellente pr\u00e9cision des trous;Ar\u00eate de coupe secondaire. Robuste pour soutenir l&#8217;ar\u00eate de coupe primaire pendant le per\u00e7age, pour un per\u00e7age plus rapide;Gorge courte pour une meilleure extraction de la poussi\u00e8re et une vitesse de per\u00e7age plus rapide, moins d&#8217;usure et moins d&#8217;\u00e9chauffement;Gorge sur le c\u00f4t\u00e9 de l&#8217;ar\u00eate de coupe primaire, permet de v\u00e9rifier l&#8217;usure du foret. Milwaukee garantit son foret jusqu&#8217;\u00e0 75 m;Section de forage renforc\u00e9e. Cela permet moins de vibrations, moins de casse et un meilleur transfert de la puissance de l&#8217;outil au foret;\u00c9paulement \u00e0 rainure profonde. Cela permet une extraction plus importante et plus rapide de la poussi\u00e8re et moins d&#8217;accumulation de chaleur sur la t\u00eate de forage et donc moins d&#8217;usure;Moins de vibrations. Per\u00e7age confortable avec moins de stress pour l&#8217;utilisateur et l&#8217;outil;Traitement de surface sp\u00e9cial. Pour un \u00e9coulement plus r\u00e9gulier de la poussi\u00e8re sur la surface de la t\u00eate de per\u00e7age et moins de friction;Marque PGM. Garantit des trous pr\u00e9cis et exacts et une tenue maximale de la cheville.<\/p>\n","protected":false},"excerpt":{"rendered":"<p>Large ar\u00eate de coupe avec coins arrondis. Permet de r\u00e9duire les vibrations et d&#8217;optimiser les performances de forage dans les<\/p>\n","protected":false},"featured_media":492717,"template":"","meta":{"_seopress_robots_primary_cat":"","_seopress_titles_title":"","_seopress_titles_desc":"","_seopress_robots_index":""},"product_brand":[3407],"product_cat":[29,549,550],"product_tag":[3270],"class_list":{"0":"post-508840","1":"product","2":"type-product","3":"status-publish","4":"has-post-thumbnail","6":"product_brand-milwaukee","7":"product_cat-macchinari","8":"product_cat-trapani-e-avvitatori","9":"product_cat-accessori-per-trapani-ed-avvitatori","10":"product_tag-import-milwau","11":"sws-gruppo-macchinari-fr","12":"sws-conto-ricavi-merci-rivendita-macchinari-fr","13":"sws-gruppo-iva-iva81-fr","15":"first","16":"onbackorder","17":"sale","18":"shipping-taxable","19":"purchasable","20":"product-type-simple"},"_links":{"self":[{"href":"https:\/\/lucacastelli.com\/fr\/wp-json\/wp\/v2\/product\/508840","targetHints":{"allow":["GET"]}}],"collection":[{"href":"https:\/\/lucacastelli.com\/fr\/wp-json\/wp\/v2\/product"}],"about":[{"href":"https:\/\/lucacastelli.com\/fr\/wp-json\/wp\/v2\/types\/product"}],"wp:featuredmedia":[{"embeddable":true,"href":"https:\/\/lucacastelli.com\/fr\/wp-json\/wp\/v2\/media\/492717"}],"wp:attachment":[{"href":"https:\/\/lucacastelli.com\/fr\/wp-json\/wp\/v2\/media?parent=508840"}],"wp:term":[{"taxonomy":"product_brand","embeddable":true,"href":"https:\/\/lucacastelli.com\/fr\/wp-json\/wp\/v2\/product_brand?post=508840"},{"taxonomy":"product_cat","embeddable":true,"href":"https:\/\/lucacastelli.com\/fr\/wp-json\/wp\/v2\/product_cat?post=508840"},{"taxonomy":"product_tag","embeddable":true,"href":"https:\/\/lucacastelli.com\/fr\/wp-json\/wp\/v2\/product_tag?post=508840"}],"curies":[{"name":"wp","href":"https:\/\/api.w.org\/{rel}","templated":true}]}}