{"id":508815,"date":"2025-07-23T07:43:04","date_gmt":"2025-07-23T05:43:04","guid":{"rendered":"https:\/\/lucacastelli.com\/prodotto\/adjuster-de-cable-de-camp-cable-reglable\/"},"modified":"2025-07-23T07:43:04","modified_gmt":"2025-07-23T05:43:04","slug":"adjuster-de-cable-de-camp-cable-reglable","status":"publish","type":"product","link":"https:\/\/lucacastelli.com\/fr\/produit\/adjuster-de-cable-de-camp-cable-reglable\/","title":{"rendered":"ADJUSTER DE C\u00c2BLE DE CAMP &#8211; C\u00e2ble r\u00e9glable"},"content":{"rendered":"<p>Longe de positionnement constitu\u00e9e d&#8217;un c\u00e2ble en acier galvanis\u00e9 de 8 mm de diam\u00e8tre, r\u00e9sistant \u00e0 la coupure, gain\u00e9 d&#8217;une double gaine en polyester d&#8217;un diam\u00e8tre ext\u00e9rieur de 13 mm. La conception innovante de la double gaine emp\u00eache la gaine de glisser sur la surface du c\u00e2ble. Gaine ext\u00e9rieure en polyur\u00e9thane r\u00e9sistant \u00e0 l&#8217;usure. Le dispositif de r\u00e9glage de la longueur et le connecteur sont en alliage d&#8217;aluminium. La livraison comprend un mousqueton Camp \u00e0 3 voies avec \u00e9merillon.   <\/p>\n","protected":false},"excerpt":{"rendered":"<p>Longe de positionnement constitu\u00e9e d&#8217;un c\u00e2ble en acier galvanis\u00e9 de 8 mm de diam\u00e8tre, r\u00e9sistant \u00e0 la coupure, gain\u00e9 d&#8217;une<\/p>\n","protected":false},"featured_media":508799,"template":"","meta":{"_seopress_robots_primary_cat":"","_seopress_titles_title":"","_seopress_titles_desc":"","_seopress_robots_index":""},"product_brand":[4947],"product_cat":[144,1397,1402],"product_tag":[],"class_list":{"0":"post-508815","1":"product","2":"type-product","3":"status-publish","4":"has-post-thumbnail","6":"product_brand-camp-fr","7":"product_cat-equipement","8":"product_cat-equipement-de-travail","9":"product_cat-harnais-et-equipements-de-securite","10":"sws-gruppo-abb-libero-fr","11":"sws-conto-ricavi-merci-rivendita-abbigliamento-fr","12":"sws-gruppo-iva-iva81-fr","14":"first","15":"instock","16":"shipping-taxable","17":"purchasable","18":"product-type-variable"},"_links":{"self":[{"href":"https:\/\/lucacastelli.com\/fr\/wp-json\/wp\/v2\/product\/508815","targetHints":{"allow":["GET"]}}],"collection":[{"href":"https:\/\/lucacastelli.com\/fr\/wp-json\/wp\/v2\/product"}],"about":[{"href":"https:\/\/lucacastelli.com\/fr\/wp-json\/wp\/v2\/types\/product"}],"wp:featuredmedia":[{"embeddable":true,"href":"https:\/\/lucacastelli.com\/fr\/wp-json\/wp\/v2\/media\/508799"}],"wp:attachment":[{"href":"https:\/\/lucacastelli.com\/fr\/wp-json\/wp\/v2\/media?parent=508815"}],"wp:term":[{"taxonomy":"product_brand","embeddable":true,"href":"https:\/\/lucacastelli.com\/fr\/wp-json\/wp\/v2\/product_brand?post=508815"},{"taxonomy":"product_cat","embeddable":true,"href":"https:\/\/lucacastelli.com\/fr\/wp-json\/wp\/v2\/product_cat?post=508815"},{"taxonomy":"product_tag","embeddable":true,"href":"https:\/\/lucacastelli.com\/fr\/wp-json\/wp\/v2\/product_tag?post=508815"}],"curies":[{"name":"wp","href":"https:\/\/api.w.org\/{rel}","templated":true}]}}