{"id":508784,"date":"2025-07-23T07:18:51","date_gmt":"2025-07-23T05:18:51","guid":{"rendered":"https:\/\/lucacastelli.com\/prodotto\/souffleur-dorsal-echo-pb-9010t\/"},"modified":"2026-03-14T21:43:09","modified_gmt":"2026-03-14T20:43:09","slug":"souffleur-dorsal-echo-pb-9010t","status":"publish","type":"product","link":"https:\/\/lucacastelli.com\/fr\/produit\/souffleur-dorsal-echo-pb-9010t\/","title":{"rendered":"Souffleur dorsal ECHO PB-9010T"},"content":{"rendered":"<p>Le <strong>souffleur le plus puissant au monde !<\/strong> Le PB-9010T est un mod\u00e8le dorsal <strong>dot\u00e9 d&#8217;une puissance de soufflage exceptionnelle<\/strong>, une machine hautement professionnelle gr\u00e2ce aux diverses caract\u00e9ristiques de la s\u00e9rie X telles que la double protection des feuilles, le syst\u00e8me anti-vibration efficace, les bretelles ergonomiques et le filtre \u00e0 air XL.<\/p>\n<p>&nbsp;<\/p>\n<table>\n<tbody>\n<tr>\n<td>Cylindr\u00e9e (cc)<\/td>\n<td>79.9<\/td>\n<\/tr>\n<tr>\n<td>Puissance (Kw (HP))<\/td>\n<td>4.2 (5.7)<\/td>\n<\/tr>\n<tr>\n<td>Volume d&#8217;air maximal (m3\/h)<\/td>\n<td>1908<\/td>\n<\/tr>\n<tr>\n<td>Vitesse maximale de l&#8217;air (m\/sec)<\/td>\n<td>97.8<\/td>\n<\/tr>\n<tr>\n<td>Force de la soufflerie (N)<\/td>\n<td>48.9<\/td>\n<\/tr>\n<\/tbody>\n<\/table>\n","protected":false},"excerpt":{"rendered":"<p>Le souffleur le plus puissant au monde ! Le PB-9010T est un mod\u00e8le dorsal dot\u00e9 d&#8217;une puissance de soufflage exceptionnelle,<\/p>\n","protected":false},"featured_media":508774,"template":"","meta":{"_seopress_robots_primary_cat":"","_seopress_titles_title":"","_seopress_titles_desc":"","_seopress_robots_index":""},"product_brand":[3620],"product_cat":[167,1652,1643],"product_tag":[],"class_list":{"0":"post-508784","1":"product","2":"type-product","3":"status-publish","4":"has-post-thumbnail","6":"product_brand-echo-fr","7":"product_cat-machines","8":"product_cat-souffleurs-a-moteur","9":"product_cat-souffleurs-et-aspirateurs","10":"sws-gruppo-macchinari-fr","11":"sws-conto-ricavi-merci-rivendita-macchinari-fr","12":"sws-gruppo-iva-iva81-fr","14":"first","15":"instock","16":"sale","17":"shipping-taxable","18":"purchasable","19":"product-type-simple"},"_links":{"self":[{"href":"https:\/\/lucacastelli.com\/fr\/wp-json\/wp\/v2\/product\/508784","targetHints":{"allow":["GET"]}}],"collection":[{"href":"https:\/\/lucacastelli.com\/fr\/wp-json\/wp\/v2\/product"}],"about":[{"href":"https:\/\/lucacastelli.com\/fr\/wp-json\/wp\/v2\/types\/product"}],"wp:featuredmedia":[{"embeddable":true,"href":"https:\/\/lucacastelli.com\/fr\/wp-json\/wp\/v2\/media\/508774"}],"wp:attachment":[{"href":"https:\/\/lucacastelli.com\/fr\/wp-json\/wp\/v2\/media?parent=508784"}],"wp:term":[{"taxonomy":"product_brand","embeddable":true,"href":"https:\/\/lucacastelli.com\/fr\/wp-json\/wp\/v2\/product_brand?post=508784"},{"taxonomy":"product_cat","embeddable":true,"href":"https:\/\/lucacastelli.com\/fr\/wp-json\/wp\/v2\/product_cat?post=508784"},{"taxonomy":"product_tag","embeddable":true,"href":"https:\/\/lucacastelli.com\/fr\/wp-json\/wp\/v2\/product_tag?post=508784"}],"curies":[{"name":"wp","href":"https:\/\/api.w.org\/{rel}","templated":true}]}}