{"id":508738,"date":"2023-11-29T14:29:01","date_gmt":"2023-11-29T13:29:01","guid":{"rendered":"https:\/\/lucacastelli.com\/prodotto\/weaver-leather-crampons-de-bucheron\/"},"modified":"2023-11-29T14:29:01","modified_gmt":"2023-11-29T13:29:01","slug":"weaver-leather-crampons-de-bucheron","status":"publish","type":"product","link":"https:\/\/lucacastelli.com\/fr\/produit\/weaver-leather-crampons-de-bucheron\/","title":{"rendered":"WEAVER LEATHER Crampons de b\u00fbcheron"},"content":{"rendered":"<p>Stabilit\u00e9, l\u00e9g\u00e8ret\u00e9, s\u00e9curit\u00e9 et ergonomie ont \u00e9t\u00e9 les principes directeurs du d\u00e9veloppement de ce crampon. Le r\u00e9sultat est un manche en aluminium forg\u00e9 par DMM qui n&#8217;a pas son pareil. <\/p>\n<p>La tige l\u00e9g\u00e8rement inclin\u00e9e transmet la charge directement aux pointes de la broche et la barre de pied de 45 mm de large r\u00e9partit la charge uniform\u00e9ment sous le milieu du pied. En outre, la tige est l\u00e9g\u00e8rement \u00e9largie au niveau du pied. Le r\u00e9sultat est un crampon confortable qui permet de rester debout encore plus longtemps.  <\/p>\n<p>En combinaison avec le rembourrage large optimis\u00e9, la coque pr\u00e9form\u00e9e Gfk est particuli\u00e8rement confortable pour le mollet. De plus, la bande velcro de 100 mm de large r\u00e9duit le risque de points de pression. <\/p>\n<p>En fonction de la longueur du mollet, la hauteur de la tige peut \u00eatre r\u00e9gl\u00e9e individuellement de 40 \u00e0 51 cm. Ces crampons sont dot\u00e9s d&#8217;une sangle en cuir synth\u00e9tique tr\u00e8s robuste au niveau du pied, qui est particuli\u00e8rement r\u00e9sistante \u00e0 la r\u00e9sine et \u00e0 la sciure de bois. <\/p>\n<p>Bien entendu, tous les embouts de remplacement propos\u00e9s conviennent. Poids 2010 g. <\/p>\n","protected":false},"excerpt":{"rendered":"<p>Stabilit\u00e9, l\u00e9g\u00e8ret\u00e9, s\u00e9curit\u00e9 et ergonomie ont \u00e9t\u00e9 les principes directeurs du d\u00e9veloppement de ce crampon. Le r\u00e9sultat est un manche<\/p>\n","protected":false},"featured_media":94883,"template":"","meta":{"_seopress_robots_primary_cat":"","_seopress_titles_title":"","_seopress_titles_desc":"","_seopress_robots_index":""},"product_brand":[3623],"product_cat":[144,1397,1402],"product_tag":[],"class_list":{"0":"post-508738","1":"product","2":"type-product","3":"status-publish","4":"has-post-thumbnail","6":"product_brand-distel-fr","7":"product_cat-equipement","8":"product_cat-equipement-de-travail","9":"product_cat-harnais-et-equipements-de-securite","11":"first","12":"instock","13":"shipping-taxable","14":"purchasable","15":"product-type-simple"},"_links":{"self":[{"href":"https:\/\/lucacastelli.com\/fr\/wp-json\/wp\/v2\/product\/508738","targetHints":{"allow":["GET"]}}],"collection":[{"href":"https:\/\/lucacastelli.com\/fr\/wp-json\/wp\/v2\/product"}],"about":[{"href":"https:\/\/lucacastelli.com\/fr\/wp-json\/wp\/v2\/types\/product"}],"wp:featuredmedia":[{"embeddable":true,"href":"https:\/\/lucacastelli.com\/fr\/wp-json\/wp\/v2\/media\/94883"}],"wp:attachment":[{"href":"https:\/\/lucacastelli.com\/fr\/wp-json\/wp\/v2\/media?parent=508738"}],"wp:term":[{"taxonomy":"product_brand","embeddable":true,"href":"https:\/\/lucacastelli.com\/fr\/wp-json\/wp\/v2\/product_brand?post=508738"},{"taxonomy":"product_cat","embeddable":true,"href":"https:\/\/lucacastelli.com\/fr\/wp-json\/wp\/v2\/product_cat?post=508738"},{"taxonomy":"product_tag","embeddable":true,"href":"https:\/\/lucacastelli.com\/fr\/wp-json\/wp\/v2\/product_tag?post=508738"}],"curies":[{"name":"wp","href":"https:\/\/api.w.org\/{rel}","templated":true}]}}