{"id":508660,"date":"2025-07-22T19:47:40","date_gmt":"2025-07-22T17:47:40","guid":{"rendered":"https:\/\/lucacastelli.com\/prodotto\/pfanner-pantalon-de-protection-pour-la-ventilation-orange-vif-en-20471\/"},"modified":"2025-09-04T00:06:03","modified_gmt":"2025-09-03T22:06:03","slug":"pfanner-pantalon-de-protection-pour-la-ventilation-orange-vif-en-20471","status":"publish","type":"product","link":"https:\/\/lucacastelli.com\/fr\/produit\/pfanner-pantalon-de-protection-pour-la-ventilation-orange-vif-en-20471\/","title":{"rendered":"PFANNER Ventilation Pantalon de protection orange vif EN 20471"},"content":{"rendered":"<p>Le pantalon l\u00e9ger anti-coupure avec ventilation de type A est id\u00e9al pour les conditions climatiques humides et froides ou s\u00e8ches et chaudes gr\u00e2ce au r\u00e9gulateur KlimaAIR\u00ae. Gr\u00e2ce \u00e0 la protection contre les coupures Avertic Engtex Pro de classe 1 (20 m\/s), le porteur du pantalon b\u00e9n\u00e9ficie d&#8217;une s\u00e9curit\u00e9 maximale et d&#8217;un confort optimal. Le tissu ext\u00e9rieur Gladiator\u00ae ind\u00e9chirable sur le devant et en dessous garantit la long\u00e9vit\u00e9 du pantalon anti-coupure Ventilation. La version orange est \u00e9galement conforme \u00e0 la norme EN 20471 Classe 2 de visibilit\u00e9.   <\/p>\n<p>Mod\u00e8le l\u00e9ger pour tous les usages<br \/>\n-Thermor\u00e9gulateur KlimaAIR\u00ae au niveau de la ceinture<br \/>\n-Technologie StretchAIR\u00ae<br \/>\n-Gu\u00eatres amovibles<br \/>\n-Tissu ext\u00e9rieur Gladiator\u00ae anti-d\u00e9chirure<br \/>\n-Renfort pr\u00e9form\u00e9 aux genoux<br \/>\n-Doublure fonctionnelle en fibre<br \/>\n-Protection contre les coupures en Dyneema classe 1<br \/>\n-Bandes r\u00e9fl\u00e9chissantes<br \/>\n-Version orange : EN 20471 classe 2<\/p>\n<p>&nbsp;<\/p>\n<p>&nbsp;<\/p>\n<p>Mati\u00e8re :<br \/>\nDevant : 100 % polyamide Gladiator\u00ae<br \/>\nTissu extensible : 92 % polyamide, 8 % \u00e9lasthanne<br \/>\nTissu extensible orange : 83 % EME-Lycra, 17 % polyester T-400<br \/>\nDoublure : 100 % polyester Cocona<br \/>\nProtection contre les coupures : Avertic Engtex Pro (classe 1, 20 m\/s)<br \/>\nNormes :<br \/>\nEN 381-5 classe 1 \/ type A<br \/>\nEN 20471 classe 2 (uniquement pour la version orange)<\/p>\n<p>&nbsp;<\/p>\n<p>&nbsp;<\/p>\n<p>&nbsp;<\/p>\n","protected":false},"excerpt":{"rendered":"<p>Le pantalon l\u00e9ger anti-coupure avec ventilation de type A est id\u00e9al pour les conditions climatiques humides et froides ou s\u00e8ches<\/p>\n","protected":false},"featured_media":508408,"template":"","meta":{"_seopress_robots_primary_cat":"none","_seopress_titles_title":"","_seopress_titles_desc":"","_seopress_robots_index":""},"product_brand":[3669],"product_cat":[81,1381],"product_tag":[],"class_list":{"0":"post-508660","1":"product","2":"type-product","3":"status-publish","4":"has-post-thumbnail","6":"product_brand-pfanner-fr","7":"product_cat-vetements","8":"product_cat-vetements-de-travail","9":"sws-gruppo-no-gruppo-fr","10":"sws-conto-ricavi-merci-rivendita-abbigliamento-fr","11":"sws-gruppo-iva-iva81-fr","13":"first","14":"instock","15":"shipping-taxable","16":"purchasable","17":"product-type-variable","18":"has-default-attributes"},"_links":{"self":[{"href":"https:\/\/lucacastelli.com\/fr\/wp-json\/wp\/v2\/product\/508660","targetHints":{"allow":["GET"]}}],"collection":[{"href":"https:\/\/lucacastelli.com\/fr\/wp-json\/wp\/v2\/product"}],"about":[{"href":"https:\/\/lucacastelli.com\/fr\/wp-json\/wp\/v2\/types\/product"}],"wp:featuredmedia":[{"embeddable":true,"href":"https:\/\/lucacastelli.com\/fr\/wp-json\/wp\/v2\/media\/508408"}],"wp:attachment":[{"href":"https:\/\/lucacastelli.com\/fr\/wp-json\/wp\/v2\/media?parent=508660"}],"wp:term":[{"taxonomy":"product_brand","embeddable":true,"href":"https:\/\/lucacastelli.com\/fr\/wp-json\/wp\/v2\/product_brand?post=508660"},{"taxonomy":"product_cat","embeddable":true,"href":"https:\/\/lucacastelli.com\/fr\/wp-json\/wp\/v2\/product_cat?post=508660"},{"taxonomy":"product_tag","embeddable":true,"href":"https:\/\/lucacastelli.com\/fr\/wp-json\/wp\/v2\/product_tag?post=508660"}],"curies":[{"name":"wp","href":"https:\/\/api.w.org\/{rel}","templated":true}]}}