{"id":508611,"date":"2025-07-21T17:55:37","date_gmt":"2025-07-21T15:55:37","guid":{"rendered":"https:\/\/lucacastelli.com\/prodotto\/pfanner-pantalon-de-protection-pour-la-ventilation-gris\/"},"modified":"2026-04-16T01:03:06","modified_gmt":"2026-04-15T23:03:06","slug":"pfanner-pantalon-de-protection-pour-la-ventilation-gris","status":"publish","type":"product","link":"https:\/\/lucacastelli.com\/fr\/produit\/pfanner-pantalon-de-protection-pour-la-ventilation-gris\/","title":{"rendered":"Pantalon de protection PFANNER Ventilation gris"},"content":{"rendered":"<p>Le pantalon anticoupure l\u00e9ger avec ventilation de type A est id\u00e9al pour des conditions climatiques allant d&#8217;humides et froides \u00e0 s\u00e8ches et chaudes gr\u00e2ce au r\u00e9gulateur KlimaAIR\u00ae. Avec la protection anticoupure Avertic Engtex Pro classe 1 (20 m\/s), vous obtenez une s\u00e9curit\u00e9 maximale et un confort optimal pour le porteur du pantalon. Le tissu ext\u00e9rieur Gladiator\u00ae anti-d\u00e9chirure sur la partie avant et inf\u00e9rieure garantit la longue dur\u00e9e de vie du pantalon anticoupure Ventilation. La version orange satisfait en outre \u00e0 la classe de visibilit\u00e9 EN 20471 Classe 2.   <\/p>\n<p>-Le mod\u00e8le l\u00e9ger pour toute utilisation<br \/>\n-Thermor\u00e9gulateur KlimaAIR\u00ae dans la zone de la ceinture<br \/>\n-Technologie StretchAIR\u00ae<br \/>\n-Gu\u00eatres amovibles<br \/>\n-Tissu ext\u00e9rieur Gladiator\u00ae anti-d\u00e9chirure<br \/>\n-Renfort pr\u00e9form\u00e9 sur les genoux<br \/>\n-Doublure int\u00e9rieure en fibre fonctionnelle<br \/>\n-Protection anticoupure Dyneema classe 1<br \/>\n-Bandes r\u00e9fl\u00e9chissantes<br \/>\n-Version orange : EN 20471 classe 2<\/p>\n<p>&nbsp;<\/p>\n<p>&nbsp;<\/p>\n<p>Mat\u00e9riau :<br \/>\nPartie avant : 100 % polyamide Gladiator\u00ae<br \/>\nTissu stretch : 92 % polyamide, 8 % \u00e9lasthanne<br \/>\nTissu stretch orange : 83 % EME-Lycra, 17 % polyester T-400<br \/>\nDoublure : 100 % polyester Cocona<br \/>\nProtection anticoupure : Avertic Engtex Pro (classe 1, 20 m\/s)<br \/>\nNormes :<br \/>\nEN 381-5 classe 1 \/ type A<br \/>\nEN 20471 classe 2 (uniquement version orange)<\/p>\n<p>&nbsp;<\/p>\n<p>&nbsp;<\/p>\n<p>&nbsp;<\/p>\n","protected":false},"excerpt":{"rendered":"<p>Le pantalon anticoupure l\u00e9ger avec ventilation de type A est id\u00e9al pour des conditions climatiques allant d&#8217;humides et froides \u00e0<\/p>\n","protected":false},"featured_media":508042,"template":"","meta":{"_seopress_robots_primary_cat":"none","_seopress_titles_title":"","_seopress_titles_desc":"","_seopress_robots_index":""},"product_brand":[3669],"product_cat":[81,1381],"product_tag":[],"class_list":{"0":"post-508611","1":"product","2":"type-product","3":"status-publish","4":"has-post-thumbnail","6":"product_brand-pfanner-fr","7":"product_cat-vetements","8":"product_cat-vetements-de-travail","9":"sws-gruppo-no-gruppo-fr","10":"sws-conto-ricavi-merci-rivendita-abbigliamento-fr","11":"sws-gruppo-iva-iva81-fr","13":"first","14":"instock","15":"shipping-taxable","16":"purchasable","17":"product-type-variable","18":"has-default-attributes"},"_links":{"self":[{"href":"https:\/\/lucacastelli.com\/fr\/wp-json\/wp\/v2\/product\/508611","targetHints":{"allow":["GET"]}}],"collection":[{"href":"https:\/\/lucacastelli.com\/fr\/wp-json\/wp\/v2\/product"}],"about":[{"href":"https:\/\/lucacastelli.com\/fr\/wp-json\/wp\/v2\/types\/product"}],"wp:featuredmedia":[{"embeddable":true,"href":"https:\/\/lucacastelli.com\/fr\/wp-json\/wp\/v2\/media\/508042"}],"wp:attachment":[{"href":"https:\/\/lucacastelli.com\/fr\/wp-json\/wp\/v2\/media?parent=508611"}],"wp:term":[{"taxonomy":"product_brand","embeddable":true,"href":"https:\/\/lucacastelli.com\/fr\/wp-json\/wp\/v2\/product_brand?post=508611"},{"taxonomy":"product_cat","embeddable":true,"href":"https:\/\/lucacastelli.com\/fr\/wp-json\/wp\/v2\/product_cat?post=508611"},{"taxonomy":"product_tag","embeddable":true,"href":"https:\/\/lucacastelli.com\/fr\/wp-json\/wp\/v2\/product_tag?post=508611"}],"curies":[{"name":"wp","href":"https:\/\/api.w.org\/{rel}","templated":true}]}}