{"id":508460,"date":"2025-07-21T17:10:10","date_gmt":"2025-07-21T15:10:10","guid":{"rendered":"https:\/\/lucacastelli.com\/prodotto\/pfanner-pantalon-de-protection-pour-la-ventilation-rouge\/"},"modified":"2026-04-16T01:07:50","modified_gmt":"2026-04-15T23:07:50","slug":"pfanner-pantalon-de-protection-pour-la-ventilation-rouge","status":"publish","type":"product","link":"https:\/\/lucacastelli.com\/fr\/produit\/pfanner-pantalon-de-protection-pour-la-ventilation-rouge\/","title":{"rendered":"Pantalon de protection PFANNER Ventilation rouge"},"content":{"rendered":"<p>Le pantalon anticoupure l\u00e9ger avec ventilation de type A est id\u00e9al pour les conditions climatiques allant de l\u2019humidit\u00e9 froide \u00e0 la chaleur s\u00e8che gr\u00e2ce au r\u00e9gulateur KlimaAIR\u00ae. Avec la protection anticoupure Avertic Engtex Pro classe 1 (20 m\/s), vous b\u00e9n\u00e9ficiez d\u2019une s\u00e9curit\u00e9 maximale et d\u2019un confort optimal. Le tissu ext\u00e9rieur Gladiator\u00ae ind\u00e9chirable sur les parties avant et inf\u00e9rieure garantit la long\u00e9vit\u00e9 du pantalon Ventilation. La version orange est \u00e9galement conforme \u00e0 la norme de haute visibilit\u00e9 EN 20471 classe 2.   <\/p>\n<p>-Le mod\u00e8le l\u00e9ger pour chaque utilisation<br \/>\n-Thermor\u00e9gulateur KlimaAIR\u00ae au niveau de la ceinture<br \/>\n-Technologie StretchAIR\u00ae<br \/>\n-Gu\u00eatres amovibles<br \/>\n-Tissu ext\u00e9rieur Gladiator\u00ae ind\u00e9chirable<br \/>\n-Renfort pr\u00e9form\u00e9 aux genoux<br \/>\n-Doublure interne en fibre fonctionnelle<br \/>\n-Protection anticoupure Dyneema classe 1<br \/>\n-Bandes r\u00e9fl\u00e9chissantes<br \/>\n-Version orange : EN 20471 classe 2<\/p>\n<p>&nbsp;<\/p>\n<p>&nbsp;<\/p>\n<p>Mat\u00e9riau :<br \/>\nFace avant : 100 % polyamide Gladiator\u00ae<br \/>\nTissu extensible : 92 % polyamide, 8 % \u00e9lasthanne<br \/>\nTissu extensible orange : 83 % EME-Lycra, 17 % polyester T-400<br \/>\nDoublure : 100 % polyester Cocona<br \/>\nProtection anticoupure : Avertic Engtex Pro (classe 1, 20 m\/s)<br \/>\nNormes :<br \/>\nEN 381-5 classe 1 \/ type A<br \/>\nEN 20471 classe 2 (uniquement version orange)<\/p>\n<p>&nbsp;<\/p>\n<p>&nbsp;<\/p>\n<p>&nbsp;<\/p>\n","protected":false},"excerpt":{"rendered":"<p>Le pantalon anticoupure l\u00e9ger avec ventilation de type A est id\u00e9al pour les conditions climatiques allant de l\u2019humidit\u00e9 froide \u00e0<\/p>\n","protected":false},"featured_media":507932,"template":"","meta":{"_seopress_robots_primary_cat":"none","_seopress_titles_title":"","_seopress_titles_desc":"","_seopress_robots_index":""},"product_brand":[3669],"product_cat":[81,1381],"product_tag":[],"class_list":{"0":"post-508460","1":"product","2":"type-product","3":"status-publish","4":"has-post-thumbnail","6":"product_brand-pfanner-fr","7":"product_cat-vetements","8":"product_cat-vetements-de-travail","9":"sws-gruppo-no-gruppo-fr","10":"sws-conto-ricavi-merci-rivendita-abbigliamento-fr","11":"sws-gruppo-iva-iva81-fr","13":"first","14":"instock","15":"shipping-taxable","16":"purchasable","17":"product-type-variable","18":"has-default-attributes"},"_links":{"self":[{"href":"https:\/\/lucacastelli.com\/fr\/wp-json\/wp\/v2\/product\/508460","targetHints":{"allow":["GET"]}}],"collection":[{"href":"https:\/\/lucacastelli.com\/fr\/wp-json\/wp\/v2\/product"}],"about":[{"href":"https:\/\/lucacastelli.com\/fr\/wp-json\/wp\/v2\/types\/product"}],"wp:featuredmedia":[{"embeddable":true,"href":"https:\/\/lucacastelli.com\/fr\/wp-json\/wp\/v2\/media\/507932"}],"wp:attachment":[{"href":"https:\/\/lucacastelli.com\/fr\/wp-json\/wp\/v2\/media?parent=508460"}],"wp:term":[{"taxonomy":"product_brand","embeddable":true,"href":"https:\/\/lucacastelli.com\/fr\/wp-json\/wp\/v2\/product_brand?post=508460"},{"taxonomy":"product_cat","embeddable":true,"href":"https:\/\/lucacastelli.com\/fr\/wp-json\/wp\/v2\/product_cat?post=508460"},{"taxonomy":"product_tag","embeddable":true,"href":"https:\/\/lucacastelli.com\/fr\/wp-json\/wp\/v2\/product_tag?post=508460"}],"curies":[{"name":"wp","href":"https:\/\/api.w.org\/{rel}","templated":true}]}}