{"id":507593,"date":"2025-07-21T13:17:00","date_gmt":"2025-07-21T11:17:00","guid":{"rendered":"https:\/\/lucacastelli.com\/prodotto\/salomon-wayfarer-capri-w-2\/"},"modified":"2026-03-01T00:25:14","modified_gmt":"2026-02-28T23:25:14","slug":"salomon-wayfarer-capri-w-2","status":"publish","type":"product","link":"https:\/\/lucacastelli.com\/fr\/produit\/salomon-wayfarer-capri-w-2\/","title":{"rendered":"SALOMON WAYFARER CAPRI W"},"content":{"rendered":"<p>Fabriqu\u00e9 dans des tissus techniques doux mais durables, notre pantalon WAYFARER CAPRI pour femme offre la libert\u00e9 de mouvement d&#8217;un short, mais conserve toutes les caract\u00e9ristiques de plein air qui rendent la ligne WAYFARER si populaire aupr\u00e8s des randonneurs. De plus, dans la nouvelle version, nous avons utilis\u00e9 du polyamide recycl\u00e9 avec un traitement hydrofuge sans PFC pour r\u00e9duire l&#8217;impact environnemental.<\/p>\n","protected":false},"excerpt":{"rendered":"<p>Fabriqu\u00e9 dans des tissus techniques doux mais durables, notre pantalon WAYFARER CAPRI pour femme offre la libert\u00e9 de mouvement d&#8217;un<\/p>\n","protected":false},"featured_media":507584,"template":"","meta":{"_seopress_robots_primary_cat":"","_seopress_titles_title":"","_seopress_titles_desc":"","_seopress_robots_index":""},"product_brand":[4364],"product_cat":[21,189,200],"product_tag":[],"class_list":{"0":"post-507593","1":"product","2":"type-product","3":"status-publish","4":"has-post-thumbnail","6":"product_brand-salomon","7":"product_cat-abbigliamento","8":"product_cat-abbigliamento-per-il-tempo-libero","9":"product_cat-abbigliamento-da-donna","10":"sws-gruppo-abb-libero-fr","11":"sws-conto-ricavi-merci-rivendita-abbigliamento-fr","12":"sws-gruppo-iva-iva81-fr","14":"first","15":"instock","16":"shipping-taxable","17":"purchasable","18":"product-type-variable"},"_links":{"self":[{"href":"https:\/\/lucacastelli.com\/fr\/wp-json\/wp\/v2\/product\/507593","targetHints":{"allow":["GET"]}}],"collection":[{"href":"https:\/\/lucacastelli.com\/fr\/wp-json\/wp\/v2\/product"}],"about":[{"href":"https:\/\/lucacastelli.com\/fr\/wp-json\/wp\/v2\/types\/product"}],"wp:featuredmedia":[{"embeddable":true,"href":"https:\/\/lucacastelli.com\/fr\/wp-json\/wp\/v2\/media\/507584"}],"wp:attachment":[{"href":"https:\/\/lucacastelli.com\/fr\/wp-json\/wp\/v2\/media?parent=507593"}],"wp:term":[{"taxonomy":"product_brand","embeddable":true,"href":"https:\/\/lucacastelli.com\/fr\/wp-json\/wp\/v2\/product_brand?post=507593"},{"taxonomy":"product_cat","embeddable":true,"href":"https:\/\/lucacastelli.com\/fr\/wp-json\/wp\/v2\/product_cat?post=507593"},{"taxonomy":"product_tag","embeddable":true,"href":"https:\/\/lucacastelli.com\/fr\/wp-json\/wp\/v2\/product_tag?post=507593"}],"curies":[{"name":"wp","href":"https:\/\/api.w.org\/{rel}","templated":true}]}}