{"id":507572,"date":"2025-07-21T13:16:24","date_gmt":"2025-07-21T11:16:24","guid":{"rendered":"https:\/\/lucacastelli.com\/prodotto\/salomon-cross-run-graphic-tank-w-2\/"},"modified":"2026-03-01T00:25:14","modified_gmt":"2026-02-28T23:25:14","slug":"salomon-cross-run-graphic-tank-w-2","status":"publish","type":"product","link":"https:\/\/lucacastelli.com\/fr\/produit\/salomon-cross-run-graphic-tank-w-2\/","title":{"rendered":"SALOMON CROSS RUN GRAPHIC TANK W"},"content":{"rendered":"<p>Tout comme vous, le d\u00e9bardeur CROSS RUN GRAPHIC pour femme aime courir aussi bien sur les sentiers que lors des entra\u00eenements intensifs sur route. C&#8217;est pourquoi il est fabriqu\u00e9 dans un tissu ultra-doux, \u00e0 s\u00e9chage rapide et respirant. Et pour ceux qui veulent se d\u00e9marquer de la foule, nous avons ajout\u00e9 des blocs de couleurs vives et un logo Salomon.<\/p>\n","protected":false},"excerpt":{"rendered":"<p>Tout comme vous, le d\u00e9bardeur CROSS RUN GRAPHIC pour femme aime courir aussi bien sur les sentiers que lors des<\/p>\n","protected":false},"featured_media":507563,"template":"","meta":{"_seopress_robots_primary_cat":"","_seopress_titles_title":"","_seopress_titles_desc":"","_seopress_robots_index":""},"product_brand":[4366],"product_cat":[81,981,1387],"product_tag":[],"class_list":{"0":"post-507572","1":"product","2":"type-product","3":"status-publish","4":"has-post-thumbnail","6":"product_brand-salomon-fr","7":"product_cat-vetements","8":"product_cat-vetements-de-loisirs","9":"product_cat-vetements-pour-femmes","10":"sws-gruppo-abb-libero-fr","11":"sws-conto-ricavi-merci-rivendita-abbigliamento-fr","12":"sws-gruppo-iva-iva81-fr","14":"first","15":"instock","16":"shipping-taxable","17":"purchasable","18":"product-type-variable"},"_links":{"self":[{"href":"https:\/\/lucacastelli.com\/fr\/wp-json\/wp\/v2\/product\/507572","targetHints":{"allow":["GET"]}}],"collection":[{"href":"https:\/\/lucacastelli.com\/fr\/wp-json\/wp\/v2\/product"}],"about":[{"href":"https:\/\/lucacastelli.com\/fr\/wp-json\/wp\/v2\/types\/product"}],"wp:featuredmedia":[{"embeddable":true,"href":"https:\/\/lucacastelli.com\/fr\/wp-json\/wp\/v2\/media\/507563"}],"wp:attachment":[{"href":"https:\/\/lucacastelli.com\/fr\/wp-json\/wp\/v2\/media?parent=507572"}],"wp:term":[{"taxonomy":"product_brand","embeddable":true,"href":"https:\/\/lucacastelli.com\/fr\/wp-json\/wp\/v2\/product_brand?post=507572"},{"taxonomy":"product_cat","embeddable":true,"href":"https:\/\/lucacastelli.com\/fr\/wp-json\/wp\/v2\/product_cat?post=507572"},{"taxonomy":"product_tag","embeddable":true,"href":"https:\/\/lucacastelli.com\/fr\/wp-json\/wp\/v2\/product_tag?post=507572"}],"curies":[{"name":"wp","href":"https:\/\/api.w.org\/{rel}","templated":true}]}}