{"id":507492,"date":"2025-07-21T13:14:43","date_gmt":"2025-07-21T11:14:43","guid":{"rendered":"https:\/\/lucacastelli.com\/prodotto\/salomon-crossamphibian-swift-2-w-2\/"},"modified":"2026-03-01T00:25:18","modified_gmt":"2026-02-28T23:25:18","slug":"salomon-crossamphibian-swift-2-w-2","status":"publish","type":"product","link":"https:\/\/lucacastelli.com\/fr\/produit\/salomon-crossamphibian-swift-2-w-2\/","title":{"rendered":"SALOMON CROSSAMPHIBIAN SWIFT 2 W"},"content":{"rendered":"<p>D\u00e9di\u00e9e \u00e0 ceux qui recherchent une chaussure en accord avec leurs valeurs, la Crossamphibian Swift 2 W est fabriqu\u00e9e avec une bonne dose de mat\u00e9riaux recycl\u00e9s et\/ou naturels. Mais sans faire de compromis sur le confort et les performances, pour une chaussure respirante, drainante et adapt\u00e9e \u00e0 toute aventure estivale en plein air.<\/p>\n","protected":false},"excerpt":{"rendered":"<p>D\u00e9di\u00e9e \u00e0 ceux qui recherchent une chaussure en accord avec leurs valeurs, la Crossamphibian Swift 2 W est fabriqu\u00e9e avec<\/p>\n","protected":false},"featured_media":507479,"template":"","meta":{"_seopress_robots_primary_cat":"","_seopress_titles_title":"","_seopress_titles_desc":"","_seopress_robots_index":""},"product_brand":[4364],"product_cat":[28,568,575],"product_tag":[],"class_list":{"0":"post-507492","1":"product","2":"type-product","3":"status-publish","4":"has-post-thumbnail","6":"product_brand-salomon","7":"product_cat-calzature","8":"product_cat-calzature-per-il-tempo-libero","9":"product_cat-calzature-da-donna","10":"sws-gruppo-abb-libero-fr","11":"sws-conto-ricavi-merci-rivendita-abbigliamento-fr","12":"sws-gruppo-iva-iva81-fr","14":"first","15":"instock","16":"shipping-taxable","17":"purchasable","18":"product-type-variable"},"_links":{"self":[{"href":"https:\/\/lucacastelli.com\/fr\/wp-json\/wp\/v2\/product\/507492","targetHints":{"allow":["GET"]}}],"collection":[{"href":"https:\/\/lucacastelli.com\/fr\/wp-json\/wp\/v2\/product"}],"about":[{"href":"https:\/\/lucacastelli.com\/fr\/wp-json\/wp\/v2\/types\/product"}],"wp:featuredmedia":[{"embeddable":true,"href":"https:\/\/lucacastelli.com\/fr\/wp-json\/wp\/v2\/media\/507479"}],"wp:attachment":[{"href":"https:\/\/lucacastelli.com\/fr\/wp-json\/wp\/v2\/media?parent=507492"}],"wp:term":[{"taxonomy":"product_brand","embeddable":true,"href":"https:\/\/lucacastelli.com\/fr\/wp-json\/wp\/v2\/product_brand?post=507492"},{"taxonomy":"product_cat","embeddable":true,"href":"https:\/\/lucacastelli.com\/fr\/wp-json\/wp\/v2\/product_cat?post=507492"},{"taxonomy":"product_tag","embeddable":true,"href":"https:\/\/lucacastelli.com\/fr\/wp-json\/wp\/v2\/product_tag?post=507492"}],"curies":[{"name":"wp","href":"https:\/\/api.w.org\/{rel}","templated":true}]}}