{"id":507452,"date":"2025-07-21T13:13:37","date_gmt":"2025-07-21T11:13:37","guid":{"rendered":"https:\/\/lucacastelli.com\/prodotto\/salomon-speedcross-5-gtx-2\/"},"modified":"2026-04-14T03:07:38","modified_gmt":"2026-04-14T01:07:38","slug":"salomon-speedcross-5-gtx-2","status":"publish","type":"product","link":"https:\/\/lucacastelli.com\/fr\/produit\/salomon-speedcross-5-gtx-2\/","title":{"rendered":"SALOMON SPEEDCROSS 5 GTX"},"content":{"rendered":"<p>Derni\u00e8re version de l\u2019IC\u00d4NE par excellence, la SPEEDCROSS 5 GORE-TEX b\u00e9n\u00e9ficie d\u2019une nouvelle construction en GORE-TEX avec une languette mobile qui am\u00e9liore le confort et optimise le look g\u00e9n\u00e9ral ainsi que la sensibilit\u00e9 de la chaussure, tout en conservant son adh\u00e9rence renomm\u00e9e, son amorti extraordinaire et le fit pr\u00e9cis qui en ont fait l\u2019une des chaussures les plus appr\u00e9ci\u00e9es.<\/p>\n","protected":false},"excerpt":{"rendered":"<p>Derni\u00e8re version de l\u2019IC\u00d4NE par excellence, la SPEEDCROSS 5 GORE-TEX b\u00e9n\u00e9ficie d\u2019une nouvelle construction en GORE-TEX avec une languette mobile<\/p>\n","protected":false},"featured_media":507427,"template":"","meta":{"_seopress_robots_primary_cat":"none","_seopress_titles_title":"","_seopress_titles_desc":"","_seopress_robots_index":""},"product_brand":[4364],"product_cat":[28,568,569],"product_tag":[],"class_list":{"0":"post-507452","1":"product","2":"type-product","3":"status-publish","4":"has-post-thumbnail","6":"product_brand-salomon","7":"product_cat-calzature","8":"product_cat-calzature-per-il-tempo-libero","9":"product_cat-calzature-da-uomo","10":"sws-gruppo-abb-libero-fr","11":"sws-conto-ricavi-merci-rivendita-abbigliamento-fr","12":"sws-gruppo-iva-iva81-fr","14":"first","15":"instock","16":"shipping-taxable","17":"purchasable","18":"product-type-variable"},"_links":{"self":[{"href":"https:\/\/lucacastelli.com\/fr\/wp-json\/wp\/v2\/product\/507452","targetHints":{"allow":["GET"]}}],"collection":[{"href":"https:\/\/lucacastelli.com\/fr\/wp-json\/wp\/v2\/product"}],"about":[{"href":"https:\/\/lucacastelli.com\/fr\/wp-json\/wp\/v2\/types\/product"}],"wp:featuredmedia":[{"embeddable":true,"href":"https:\/\/lucacastelli.com\/fr\/wp-json\/wp\/v2\/media\/507427"}],"wp:attachment":[{"href":"https:\/\/lucacastelli.com\/fr\/wp-json\/wp\/v2\/media?parent=507452"}],"wp:term":[{"taxonomy":"product_brand","embeddable":true,"href":"https:\/\/lucacastelli.com\/fr\/wp-json\/wp\/v2\/product_brand?post=507452"},{"taxonomy":"product_cat","embeddable":true,"href":"https:\/\/lucacastelli.com\/fr\/wp-json\/wp\/v2\/product_cat?post=507452"},{"taxonomy":"product_tag","embeddable":true,"href":"https:\/\/lucacastelli.com\/fr\/wp-json\/wp\/v2\/product_tag?post=507452"}],"curies":[{"name":"wp","href":"https:\/\/api.w.org\/{rel}","templated":true}]}}