{"id":507360,"date":"2025-07-21T13:11:50","date_gmt":"2025-07-21T11:11:50","guid":{"rendered":"https:\/\/lucacastelli.com\/prodotto\/salomon-wayfarer-pants-m-2\/"},"modified":"2026-03-01T00:25:13","modified_gmt":"2026-02-28T23:25:13","slug":"salomon-wayfarer-pants-m-2","status":"publish","type":"product","link":"https:\/\/lucacastelli.com\/fr\/produit\/salomon-wayfarer-pants-m-2\/","title":{"rendered":"SALOMON WAYFARER PANTS M"},"content":{"rendered":"<p>Particuli\u00e8rement appr\u00e9ci\u00e9 des aventuriers de l&#8217;ext\u00e9rieur, notre pantalon WAYFARER pour homme est devenu un incontournable de la randonn\u00e9e. Tissu technique doux mais r\u00e9sistant. Polyvalence. Tout un arsenal d&#8217;am\u00e9nagements ext\u00e9rieurs. Et maintenant, du polyamide recycl\u00e9 avec un traitement hydrofuge sans PFC pour refl\u00e9ter des valeurs plus \u00e9cologiques. Pour des explorations intr\u00e9pides dans des espaces inexplor\u00e9s et pr\u00e8s de chez soi.<\/p>\n","protected":false},"excerpt":{"rendered":"<p>Particuli\u00e8rement appr\u00e9ci\u00e9 des aventuriers de l&#8217;ext\u00e9rieur, notre pantalon WAYFARER pour homme est devenu un incontournable de la randonn\u00e9e. Tissu technique<\/p>\n","protected":false},"featured_media":507351,"template":"","meta":{"_seopress_robots_primary_cat":"","_seopress_titles_title":"","_seopress_titles_desc":"","_seopress_robots_index":""},"product_brand":[4364],"product_cat":[21,189,190],"product_tag":[],"class_list":{"0":"post-507360","1":"product","2":"type-product","3":"status-publish","4":"has-post-thumbnail","6":"product_brand-salomon","7":"product_cat-abbigliamento","8":"product_cat-abbigliamento-per-il-tempo-libero","9":"product_cat-abbigliamento-da-uomo","10":"sws-gruppo-abb-libero-fr","11":"sws-conto-ricavi-merci-rivendita-abbigliamento-fr","12":"sws-gruppo-iva-iva81-fr","14":"first","15":"instock","16":"shipping-taxable","17":"purchasable","18":"product-type-variable"},"_links":{"self":[{"href":"https:\/\/lucacastelli.com\/fr\/wp-json\/wp\/v2\/product\/507360","targetHints":{"allow":["GET"]}}],"collection":[{"href":"https:\/\/lucacastelli.com\/fr\/wp-json\/wp\/v2\/product"}],"about":[{"href":"https:\/\/lucacastelli.com\/fr\/wp-json\/wp\/v2\/types\/product"}],"wp:featuredmedia":[{"embeddable":true,"href":"https:\/\/lucacastelli.com\/fr\/wp-json\/wp\/v2\/media\/507351"}],"wp:attachment":[{"href":"https:\/\/lucacastelli.com\/fr\/wp-json\/wp\/v2\/media?parent=507360"}],"wp:term":[{"taxonomy":"product_brand","embeddable":true,"href":"https:\/\/lucacastelli.com\/fr\/wp-json\/wp\/v2\/product_brand?post=507360"},{"taxonomy":"product_cat","embeddable":true,"href":"https:\/\/lucacastelli.com\/fr\/wp-json\/wp\/v2\/product_cat?post=507360"},{"taxonomy":"product_tag","embeddable":true,"href":"https:\/\/lucacastelli.com\/fr\/wp-json\/wp\/v2\/product_tag?post=507360"}],"curies":[{"name":"wp","href":"https:\/\/api.w.org\/{rel}","templated":true}]}}