{"id":507340,"date":"2025-07-21T13:11:22","date_gmt":"2025-07-21T11:11:22","guid":{"rendered":"https:\/\/lucacastelli.com\/prodotto\/salomon-outrack-full-zip-mid-w-2\/"},"modified":"2026-03-01T00:25:15","modified_gmt":"2026-02-28T23:25:15","slug":"salomon-outrack-full-zip-mid-w-2","status":"publish","type":"product","link":"https:\/\/lucacastelli.com\/fr\/produit\/salomon-outrack-full-zip-mid-w-2\/","title":{"rendered":"SALOMON OUTRACK FULL ZIP MID W"},"content":{"rendered":"<p>L\u00e9g\u00e8re mais chaude, la couche interm\u00e9diaire zipp\u00e9e ESSENTIAL LIGHTWARM en polaire c\u00f4tel\u00e9e convient \u00e0 toutes les activit\u00e9s de plein air, du ski \u00e0 la course, utilis\u00e9e seule ou comme couche interm\u00e9diaire. Le tissu respirant et \u00e0 s\u00e9chage rapide r\u00e9gule l&#8217;humidit\u00e9 et est compos\u00e9 de fibres de polyester recycl\u00e9es. La coupe active et les coutures flatlock souples avec surpiq\u00fbres en font un v\u00eatement pratique \u00e0 porter, quelle que soit la distance parcourue ou le rythme.<\/p>\n","protected":false},"excerpt":{"rendered":"<p>L\u00e9g\u00e8re mais chaude, la couche interm\u00e9diaire zipp\u00e9e ESSENTIAL LIGHTWARM en polaire c\u00f4tel\u00e9e convient \u00e0 toutes les activit\u00e9s de plein air,<\/p>\n","protected":false},"featured_media":507335,"template":"","meta":{"_seopress_robots_primary_cat":"","_seopress_titles_title":"","_seopress_titles_desc":"","_seopress_robots_index":""},"product_brand":[4364],"product_cat":[21,189,200],"product_tag":[],"class_list":{"0":"post-507340","1":"product","2":"type-product","3":"status-publish","4":"has-post-thumbnail","6":"product_brand-salomon","7":"product_cat-abbigliamento","8":"product_cat-abbigliamento-per-il-tempo-libero","9":"product_cat-abbigliamento-da-donna","10":"sws-gruppo-abb-libero-fr","11":"sws-conto-ricavi-merci-rivendita-abbigliamento-fr","12":"sws-gruppo-iva-iva81-fr","14":"first","15":"instock","16":"shipping-taxable","17":"purchasable","18":"product-type-variable"},"_links":{"self":[{"href":"https:\/\/lucacastelli.com\/fr\/wp-json\/wp\/v2\/product\/507340","targetHints":{"allow":["GET"]}}],"collection":[{"href":"https:\/\/lucacastelli.com\/fr\/wp-json\/wp\/v2\/product"}],"about":[{"href":"https:\/\/lucacastelli.com\/fr\/wp-json\/wp\/v2\/types\/product"}],"wp:featuredmedia":[{"embeddable":true,"href":"https:\/\/lucacastelli.com\/fr\/wp-json\/wp\/v2\/media\/507335"}],"wp:attachment":[{"href":"https:\/\/lucacastelli.com\/fr\/wp-json\/wp\/v2\/media?parent=507340"}],"wp:term":[{"taxonomy":"product_brand","embeddable":true,"href":"https:\/\/lucacastelli.com\/fr\/wp-json\/wp\/v2\/product_brand?post=507340"},{"taxonomy":"product_cat","embeddable":true,"href":"https:\/\/lucacastelli.com\/fr\/wp-json\/wp\/v2\/product_cat?post=507340"},{"taxonomy":"product_tag","embeddable":true,"href":"https:\/\/lucacastelli.com\/fr\/wp-json\/wp\/v2\/product_tag?post=507340"}],"curies":[{"name":"wp","href":"https:\/\/api.w.org\/{rel}","templated":true}]}}