{"id":507308,"date":"2025-07-21T13:10:34","date_gmt":"2025-07-21T11:10:34","guid":{"rendered":"https:\/\/lucacastelli.com\/prodotto\/salomon-cross-2in1-shorts-m-2\/"},"modified":"2026-03-01T00:25:15","modified_gmt":"2026-02-28T23:25:15","slug":"salomon-cross-2in1-shorts-m-2","status":"publish","type":"product","link":"https:\/\/lucacastelli.com\/fr\/produit\/salomon-cross-2in1-shorts-m-2\/","title":{"rendered":"SALOMON CROSS 2IN1 SHORTS M"},"content":{"rendered":"<p>Avec le short CROSS 2IN1 pour homme, vous vous sentirez bien sur le sentier, en salle de sport ou dans toute activit\u00e9 \u00e0 cadence \u00e9lev\u00e9e. Le slip int\u00e9rieur stretch offre plus de confort et de protection ; l&#8217;ext\u00e9rieur est en polyester recycl\u00e9 \u00e0 s\u00e9chage rapide, tandis que les caract\u00e9ristiques techniques, telles que la poche zipp\u00e9e et la boucle en tricot cousue dans le dos, en font un v\u00eatement polyvalent.<\/p>\n","protected":false},"excerpt":{"rendered":"<p>Avec le short CROSS 2IN1 pour homme, vous vous sentirez bien sur le sentier, en salle de sport ou dans<\/p>\n","protected":false},"featured_media":507303,"template":"","meta":{"_seopress_robots_primary_cat":"","_seopress_titles_title":"","_seopress_titles_desc":"","_seopress_robots_index":""},"product_brand":[4364],"product_cat":[21,189,190],"product_tag":[],"class_list":{"0":"post-507308","1":"product","2":"type-product","3":"status-publish","4":"has-post-thumbnail","6":"product_brand-salomon","7":"product_cat-abbigliamento","8":"product_cat-abbigliamento-per-il-tempo-libero","9":"product_cat-abbigliamento-da-uomo","10":"sws-gruppo-abb-libero-fr","11":"sws-conto-ricavi-merci-rivendita-abbigliamento-fr","12":"sws-gruppo-iva-iva81-fr","14":"first","15":"instock","16":"shipping-taxable","17":"purchasable","18":"product-type-variable"},"_links":{"self":[{"href":"https:\/\/lucacastelli.com\/fr\/wp-json\/wp\/v2\/product\/507308","targetHints":{"allow":["GET"]}}],"collection":[{"href":"https:\/\/lucacastelli.com\/fr\/wp-json\/wp\/v2\/product"}],"about":[{"href":"https:\/\/lucacastelli.com\/fr\/wp-json\/wp\/v2\/types\/product"}],"wp:featuredmedia":[{"embeddable":true,"href":"https:\/\/lucacastelli.com\/fr\/wp-json\/wp\/v2\/media\/507303"}],"wp:attachment":[{"href":"https:\/\/lucacastelli.com\/fr\/wp-json\/wp\/v2\/media?parent=507308"}],"wp:term":[{"taxonomy":"product_brand","embeddable":true,"href":"https:\/\/lucacastelli.com\/fr\/wp-json\/wp\/v2\/product_brand?post=507308"},{"taxonomy":"product_cat","embeddable":true,"href":"https:\/\/lucacastelli.com\/fr\/wp-json\/wp\/v2\/product_cat?post=507308"},{"taxonomy":"product_tag","embeddable":true,"href":"https:\/\/lucacastelli.com\/fr\/wp-json\/wp\/v2\/product_tag?post=507308"}],"curies":[{"name":"wp","href":"https:\/\/api.w.org\/{rel}","templated":true}]}}