{"id":507268,"date":"2025-07-21T13:09:40","date_gmt":"2025-07-21T11:09:40","guid":{"rendered":"https:\/\/lucacastelli.com\/prodotto\/salomon-wayfarer-shorts-m-2\/"},"modified":"2026-03-01T00:25:15","modified_gmt":"2026-02-28T23:25:15","slug":"salomon-wayfarer-shorts-m-2","status":"publish","type":"product","link":"https:\/\/lucacastelli.com\/fr\/produit\/salomon-wayfarer-shorts-m-2\/","title":{"rendered":"SALOMON WAYFARER SHORTS M"},"content":{"rendered":"<p>Lorsque la temp\u00e9rature monte, le short pour homme WAYFARER offre une combinaison irr\u00e9sistible de libert\u00e9 de mouvement et de durabilit\u00e9. Les tissus doux mais techniques et les articles de plein air sont con\u00e7us pour les randonneurs les plus aventureux. Et pour \u00eatre en accord avec des valeurs plus \u00e9cologiques, la nouvelle version est faite de polyamide recycl\u00e9 et d&#8217;un traitement d\u00e9perlant sans PFC.<\/p>\n","protected":false},"excerpt":{"rendered":"<p>Lorsque la temp\u00e9rature monte, le short pour homme WAYFARER offre une combinaison irr\u00e9sistible de libert\u00e9 de mouvement et de durabilit\u00e9.<\/p>\n","protected":false},"featured_media":507259,"template":"","meta":{"_seopress_robots_primary_cat":"","_seopress_titles_title":"","_seopress_titles_desc":"","_seopress_robots_index":""},"product_brand":[4366],"product_cat":[81,981,982],"product_tag":[],"class_list":{"0":"post-507268","1":"product","2":"type-product","3":"status-publish","4":"has-post-thumbnail","6":"product_brand-salomon-fr","7":"product_cat-vetements","8":"product_cat-vetements-de-loisirs","9":"product_cat-vetements-pour-hommes","10":"sws-gruppo-abb-libero-fr","11":"sws-conto-ricavi-merci-rivendita-abbigliamento-fr","12":"sws-gruppo-iva-iva81-fr","14":"first","15":"instock","16":"shipping-taxable","17":"purchasable","18":"product-type-variable"},"_links":{"self":[{"href":"https:\/\/lucacastelli.com\/fr\/wp-json\/wp\/v2\/product\/507268","targetHints":{"allow":["GET"]}}],"collection":[{"href":"https:\/\/lucacastelli.com\/fr\/wp-json\/wp\/v2\/product"}],"about":[{"href":"https:\/\/lucacastelli.com\/fr\/wp-json\/wp\/v2\/types\/product"}],"wp:featuredmedia":[{"embeddable":true,"href":"https:\/\/lucacastelli.com\/fr\/wp-json\/wp\/v2\/media\/507259"}],"wp:attachment":[{"href":"https:\/\/lucacastelli.com\/fr\/wp-json\/wp\/v2\/media?parent=507268"}],"wp:term":[{"taxonomy":"product_brand","embeddable":true,"href":"https:\/\/lucacastelli.com\/fr\/wp-json\/wp\/v2\/product_brand?post=507268"},{"taxonomy":"product_cat","embeddable":true,"href":"https:\/\/lucacastelli.com\/fr\/wp-json\/wp\/v2\/product_cat?post=507268"},{"taxonomy":"product_tag","embeddable":true,"href":"https:\/\/lucacastelli.com\/fr\/wp-json\/wp\/v2\/product_tag?post=507268"}],"curies":[{"name":"wp","href":"https:\/\/api.w.org\/{rel}","templated":true}]}}