{"id":507248,"date":"2025-07-21T13:09:02","date_gmt":"2025-07-21T11:09:02","guid":{"rendered":"https:\/\/lucacastelli.com\/prodotto\/salomon-cross-run-ss-tee-m-2\/"},"modified":"2025-07-21T13:33:16","modified_gmt":"2025-07-21T11:33:16","slug":"salomon-cross-run-ss-tee-m-2","status":"publish","type":"product","link":"https:\/\/lucacastelli.com\/fr\/produit\/salomon-cross-run-ss-tee-m-2\/","title":{"rendered":"SALOMON CROSS RUN SS TEE M"},"content":{"rendered":"<p>Tout comme vous, le t-shirt pour homme CROSS RUN aime courir aussi bien sur les sentiers que lors d&#8217;entra\u00eenements intensifs sur route. C&#8217;est pourquoi il est fabriqu\u00e9 dans un tissu ultra-doux, \u00e0 s\u00e9chage rapide et respirant.<\/p>\n","protected":false},"excerpt":{"rendered":"<p>Tout comme vous, le t-shirt pour homme CROSS RUN aime courir aussi bien sur les sentiers que lors d&#8217;entra\u00eenements intensifs<\/p>\n","protected":false},"featured_media":507243,"template":"","meta":{"_seopress_robots_primary_cat":"","_seopress_titles_title":"","_seopress_titles_desc":"","_seopress_robots_index":""},"product_brand":[4364],"product_cat":[21,189,190],"product_tag":[],"class_list":{"0":"post-507248","1":"product","2":"type-product","3":"status-publish","4":"has-post-thumbnail","6":"product_brand-salomon","7":"product_cat-abbigliamento","8":"product_cat-abbigliamento-per-il-tempo-libero","9":"product_cat-abbigliamento-da-uomo","10":"sws-gruppo-abb-libero-fr","11":"sws-conto-ricavi-merci-rivendita-abbigliamento-fr","12":"sws-gruppo-iva-iva81-fr","14":"first","15":"instock","16":"sale","17":"shipping-taxable","18":"purchasable","19":"product-type-variable"},"_links":{"self":[{"href":"https:\/\/lucacastelli.com\/fr\/wp-json\/wp\/v2\/product\/507248","targetHints":{"allow":["GET"]}}],"collection":[{"href":"https:\/\/lucacastelli.com\/fr\/wp-json\/wp\/v2\/product"}],"about":[{"href":"https:\/\/lucacastelli.com\/fr\/wp-json\/wp\/v2\/types\/product"}],"wp:featuredmedia":[{"embeddable":true,"href":"https:\/\/lucacastelli.com\/fr\/wp-json\/wp\/v2\/media\/507243"}],"wp:attachment":[{"href":"https:\/\/lucacastelli.com\/fr\/wp-json\/wp\/v2\/media?parent=507248"}],"wp:term":[{"taxonomy":"product_brand","embeddable":true,"href":"https:\/\/lucacastelli.com\/fr\/wp-json\/wp\/v2\/product_brand?post=507248"},{"taxonomy":"product_cat","embeddable":true,"href":"https:\/\/lucacastelli.com\/fr\/wp-json\/wp\/v2\/product_cat?post=507248"},{"taxonomy":"product_tag","embeddable":true,"href":"https:\/\/lucacastelli.com\/fr\/wp-json\/wp\/v2\/product_tag?post=507248"}],"curies":[{"name":"wp","href":"https:\/\/api.w.org\/{rel}","templated":true}]}}