{"id":507232,"date":"2025-07-21T13:08:37","date_gmt":"2025-07-21T11:08:37","guid":{"rendered":"https:\/\/lucacastelli.com\/prodotto\/salomon-outline-gtx-2-5l-jacket-m-2\/"},"modified":"2026-03-01T00:25:13","modified_gmt":"2026-02-28T23:25:13","slug":"salomon-outline-gtx-2-5l-jacket-m-2","status":"publish","type":"product","link":"https:\/\/lucacastelli.com\/fr\/produit\/salomon-outline-gtx-2-5l-jacket-m-2\/","title":{"rendered":"SALOMON OUTLINE GTX 2.5L JACKET M"},"content":{"rendered":"<p>Protectrice, l\u00e9g\u00e8re, respirante et de coupe r\u00e9guli\u00e8re, la veste OUTLINE GORE-TEX 2.5L pour homme est un must-have pour toutes vos activit\u00e9s de plein air. De plus, la couche ext\u00e9rieure GORE-TEX Paclite\u00ae est compos\u00e9e \u00e0 100% de polyester recycl\u00e9 avec un traitement DWR (Durable Water Repellent) sans PFC pour r\u00e9duire l&#8217;impact environnemental.<\/p>\n","protected":false},"excerpt":{"rendered":"<p>Protectrice, l\u00e9g\u00e8re, respirante et de coupe r\u00e9guli\u00e8re, la veste OUTLINE GORE-TEX 2.5L pour homme est un must-have pour toutes vos<\/p>\n","protected":false},"featured_media":507227,"template":"","meta":{"_seopress_robots_primary_cat":"","_seopress_titles_title":"","_seopress_titles_desc":"","_seopress_robots_index":""},"product_brand":[4364],"product_cat":[21,189,190],"product_tag":[],"class_list":{"0":"post-507232","1":"product","2":"type-product","3":"status-publish","4":"has-post-thumbnail","6":"product_brand-salomon","7":"product_cat-abbigliamento","8":"product_cat-abbigliamento-per-il-tempo-libero","9":"product_cat-abbigliamento-da-uomo","10":"sws-gruppo-abb-libero-fr","11":"sws-conto-ricavi-merci-rivendita-abbigliamento-fr","12":"sws-gruppo-iva-iva81-fr","14":"first","15":"instock","16":"shipping-taxable","17":"purchasable","18":"product-type-variable"},"_links":{"self":[{"href":"https:\/\/lucacastelli.com\/fr\/wp-json\/wp\/v2\/product\/507232","targetHints":{"allow":["GET"]}}],"collection":[{"href":"https:\/\/lucacastelli.com\/fr\/wp-json\/wp\/v2\/product"}],"about":[{"href":"https:\/\/lucacastelli.com\/fr\/wp-json\/wp\/v2\/types\/product"}],"wp:featuredmedia":[{"embeddable":true,"href":"https:\/\/lucacastelli.com\/fr\/wp-json\/wp\/v2\/media\/507227"}],"wp:attachment":[{"href":"https:\/\/lucacastelli.com\/fr\/wp-json\/wp\/v2\/media?parent=507232"}],"wp:term":[{"taxonomy":"product_brand","embeddable":true,"href":"https:\/\/lucacastelli.com\/fr\/wp-json\/wp\/v2\/product_brand?post=507232"},{"taxonomy":"product_cat","embeddable":true,"href":"https:\/\/lucacastelli.com\/fr\/wp-json\/wp\/v2\/product_cat?post=507232"},{"taxonomy":"product_tag","embeddable":true,"href":"https:\/\/lucacastelli.com\/fr\/wp-json\/wp\/v2\/product_tag?post=507232"}],"curies":[{"name":"wp","href":"https:\/\/api.w.org\/{rel}","templated":true}]}}