{"id":507200,"date":"2025-07-21T13:07:39","date_gmt":"2025-07-21T11:07:39","guid":{"rendered":"https:\/\/lucacastelli.com\/prodotto\/salomon-amphid-bold-2-w-2\/"},"modified":"2026-04-14T03:08:37","modified_gmt":"2026-04-14T01:08:37","slug":"salomon-amphid-bold-2-w-2","status":"publish","type":"product","link":"https:\/\/lucacastelli.com\/fr\/produit\/salomon-amphid-bold-2-w-2\/","title":{"rendered":"SALOMON AMPHID BOLD 2 W"},"content":{"rendered":"<p>Si vous cherchez une sneaker pour vos aventures estivales avec les caract\u00e9ristiques d&#8217;un mod\u00e8le amphibie, vous l&#8217;avez trouv\u00e9e. Et vous avez \u00e9galement trouv\u00e9 une chaussure parfaite pour la course. Aujourd&#8217;hui, en effet, la AMPHIB BOLD 2 est encore plus l\u00e9g\u00e8re, plus respirante et polyvalente, pour s&#8217;adapter \u00e0 tous les types de plaisirs estivaux. Abaissez le talon pour la porter comme une chaussure ouverte \u00e0 l&#8217;arri\u00e8re, ou r\u00e9glez le syst\u00e8me Quicklace\u2122 et utilisez-la pour aller courir.<\/p>\n","protected":false},"excerpt":{"rendered":"<p>Si vous cherchez une sneaker pour vos aventures estivales avec les caract\u00e9ristiques d&#8217;un mod\u00e8le amphibie, vous l&#8217;avez trouv\u00e9e. Et vous<\/p>\n","protected":false},"featured_media":507187,"template":"","meta":{"_seopress_robots_primary_cat":"none","_seopress_titles_title":"","_seopress_titles_desc":"","_seopress_robots_index":""},"product_brand":[4364],"product_cat":[28,568,575],"product_tag":[],"class_list":{"0":"post-507200","1":"product","2":"type-product","3":"status-publish","4":"has-post-thumbnail","6":"product_brand-salomon","7":"product_cat-calzature","8":"product_cat-calzature-per-il-tempo-libero","9":"product_cat-calzature-da-donna","10":"sws-gruppo-abb-libero-fr","11":"sws-conto-ricavi-merci-rivendita-abbigliamento-fr","12":"sws-gruppo-iva-iva81-fr","14":"first","15":"instock","16":"shipping-taxable","17":"purchasable","18":"product-type-variable"},"_links":{"self":[{"href":"https:\/\/lucacastelli.com\/fr\/wp-json\/wp\/v2\/product\/507200","targetHints":{"allow":["GET"]}}],"collection":[{"href":"https:\/\/lucacastelli.com\/fr\/wp-json\/wp\/v2\/product"}],"about":[{"href":"https:\/\/lucacastelli.com\/fr\/wp-json\/wp\/v2\/types\/product"}],"wp:featuredmedia":[{"embeddable":true,"href":"https:\/\/lucacastelli.com\/fr\/wp-json\/wp\/v2\/media\/507187"}],"wp:attachment":[{"href":"https:\/\/lucacastelli.com\/fr\/wp-json\/wp\/v2\/media?parent=507200"}],"wp:term":[{"taxonomy":"product_brand","embeddable":true,"href":"https:\/\/lucacastelli.com\/fr\/wp-json\/wp\/v2\/product_brand?post=507200"},{"taxonomy":"product_cat","embeddable":true,"href":"https:\/\/lucacastelli.com\/fr\/wp-json\/wp\/v2\/product_cat?post=507200"},{"taxonomy":"product_tag","embeddable":true,"href":"https:\/\/lucacastelli.com\/fr\/wp-json\/wp\/v2\/product_tag?post=507200"}],"curies":[{"name":"wp","href":"https:\/\/api.w.org\/{rel}","templated":true}]}}