{"id":507152,"date":"2025-07-21T13:06:02","date_gmt":"2025-07-21T11:06:02","guid":{"rendered":"https:\/\/lucacastelli.com\/prodotto\/salomon-xa-pro-v8-cswp-j-2\/"},"modified":"2026-04-14T03:07:33","modified_gmt":"2026-04-14T01:07:33","slug":"salomon-xa-pro-v8-cswp-j-2","status":"publish","type":"product","link":"https:\/\/lucacastelli.com\/fr\/produit\/salomon-xa-pro-v8-cswp-j-2\/","title":{"rendered":"SALOMON XA PRO V8 CSWP J"},"content":{"rendered":"<p>Les enfants et les adolescents peuvent d\u00e9couvrir les aventures en plein air avec la version junior de la chaussure de trail running XA PRO 3D. Le look tendance et les ajustements pratiques de ce mod\u00e8le revisit\u00e9 garantissent adh\u00e9rence, stabilit\u00e9 et protection imperm\u00e9able.<\/p>\n","protected":false},"excerpt":{"rendered":"<p>Les enfants et les adolescents peuvent d\u00e9couvrir les aventures en plein air avec la version junior de la chaussure de<\/p>\n","protected":false},"featured_media":507135,"template":"","meta":{"_seopress_robots_primary_cat":"none","_seopress_titles_title":"","_seopress_titles_desc":"","_seopress_robots_index":""},"product_brand":[4366],"product_cat":[173,1420,1426],"product_tag":[],"class_list":{"0":"post-507152","1":"product","2":"type-product","3":"status-publish","4":"has-post-thumbnail","6":"product_brand-salomon-fr","7":"product_cat-chaussures","8":"product_cat-chaussures-de-loisirs","9":"product_cat-chaussures-pour-enfants","10":"sws-gruppo-abb-libero-fr","11":"sws-conto-ricavi-merci-rivendita-abbigliamento-fr","12":"sws-gruppo-iva-iva81-fr","14":"first","15":"instock","16":"shipping-taxable","17":"purchasable","18":"product-type-variable"},"_links":{"self":[{"href":"https:\/\/lucacastelli.com\/fr\/wp-json\/wp\/v2\/product\/507152","targetHints":{"allow":["GET"]}}],"collection":[{"href":"https:\/\/lucacastelli.com\/fr\/wp-json\/wp\/v2\/product"}],"about":[{"href":"https:\/\/lucacastelli.com\/fr\/wp-json\/wp\/v2\/types\/product"}],"wp:featuredmedia":[{"embeddable":true,"href":"https:\/\/lucacastelli.com\/fr\/wp-json\/wp\/v2\/media\/507135"}],"wp:attachment":[{"href":"https:\/\/lucacastelli.com\/fr\/wp-json\/wp\/v2\/media?parent=507152"}],"wp:term":[{"taxonomy":"product_brand","embeddable":true,"href":"https:\/\/lucacastelli.com\/fr\/wp-json\/wp\/v2\/product_brand?post=507152"},{"taxonomy":"product_cat","embeddable":true,"href":"https:\/\/lucacastelli.com\/fr\/wp-json\/wp\/v2\/product_cat?post=507152"},{"taxonomy":"product_tag","embeddable":true,"href":"https:\/\/lucacastelli.com\/fr\/wp-json\/wp\/v2\/product_tag?post=507152"}],"curies":[{"name":"wp","href":"https:\/\/api.w.org\/{rel}","templated":true}]}}