{"id":507132,"date":"2025-07-21T13:05:25","date_gmt":"2025-07-21T11:05:25","guid":{"rendered":"https:\/\/lucacastelli.com\/prodotto\/salomon-xa-rogg-2-gtx-3\/"},"modified":"2026-04-14T03:07:30","modified_gmt":"2026-04-14T01:07:30","slug":"salomon-xa-rogg-2-gtx-3","status":"publish","type":"product","link":"https:\/\/lucacastelli.com\/fr\/produit\/salomon-xa-rogg-2-gtx-3\/","title":{"rendered":"SALOMON XA ROGG 2 GTX"},"content":{"rendered":"<p>La XA ROGG 2 GORE-TEX de trail running imperm\u00e9able est toujours pr\u00eate pour des aventures inattendues. Pour la nouvelle saison, nous avons optimis\u00e9 le design et ajout\u00e9 un pare-chocs de protection \u00e0 l&#8217;avant, pour que vous vous sentiez inarr\u00eatable m\u00eame sur les terrains les plus escarp\u00e9s et accident\u00e9s.<\/p>\n","protected":false},"excerpt":{"rendered":"<p>La XA ROGG 2 GORE-TEX de trail running imperm\u00e9able est toujours pr\u00eate pour des aventures inattendues. Pour la nouvelle saison,<\/p>\n","protected":false},"featured_media":507119,"template":"","meta":{"_seopress_robots_primary_cat":"none","_seopress_titles_title":"","_seopress_titles_desc":"","_seopress_robots_index":""},"product_brand":[4364],"product_cat":[28,568,569],"product_tag":[],"class_list":{"0":"post-507132","1":"product","2":"type-product","3":"status-publish","4":"has-post-thumbnail","6":"product_brand-salomon","7":"product_cat-calzature","8":"product_cat-calzature-per-il-tempo-libero","9":"product_cat-calzature-da-uomo","10":"sws-gruppo-abb-libero-fr","11":"sws-conto-ricavi-merci-rivendita-abbigliamento-fr","12":"sws-gruppo-iva-iva81-fr","14":"first","15":"instock","16":"shipping-taxable","17":"purchasable","18":"product-type-variable"},"_links":{"self":[{"href":"https:\/\/lucacastelli.com\/fr\/wp-json\/wp\/v2\/product\/507132","targetHints":{"allow":["GET"]}}],"collection":[{"href":"https:\/\/lucacastelli.com\/fr\/wp-json\/wp\/v2\/product"}],"about":[{"href":"https:\/\/lucacastelli.com\/fr\/wp-json\/wp\/v2\/types\/product"}],"wp:featuredmedia":[{"embeddable":true,"href":"https:\/\/lucacastelli.com\/fr\/wp-json\/wp\/v2\/media\/507119"}],"wp:attachment":[{"href":"https:\/\/lucacastelli.com\/fr\/wp-json\/wp\/v2\/media?parent=507132"}],"wp:term":[{"taxonomy":"product_brand","embeddable":true,"href":"https:\/\/lucacastelli.com\/fr\/wp-json\/wp\/v2\/product_brand?post=507132"},{"taxonomy":"product_cat","embeddable":true,"href":"https:\/\/lucacastelli.com\/fr\/wp-json\/wp\/v2\/product_cat?post=507132"},{"taxonomy":"product_tag","embeddable":true,"href":"https:\/\/lucacastelli.com\/fr\/wp-json\/wp\/v2\/product_tag?post=507132"}],"curies":[{"name":"wp","href":"https:\/\/api.w.org\/{rel}","templated":true}]}}