{"id":507004,"date":"2025-07-21T13:02:36","date_gmt":"2025-07-21T11:02:36","guid":{"rendered":"https:\/\/lucacastelli.com\/prodotto\/salomon-xa-rogg-2-gtx-2\/"},"modified":"2026-04-14T03:08:57","modified_gmt":"2026-04-14T01:08:57","slug":"salomon-xa-rogg-2-gtx-2","status":"publish","type":"product","link":"https:\/\/lucacastelli.com\/fr\/produit\/salomon-xa-rogg-2-gtx-2\/","title":{"rendered":"SALOMON XA ROGG 2 GTX"},"content":{"rendered":"<p>La XA ROGG 2 GORE-TEX de trail running imperm\u00e9able est toujours pr\u00eate pour des aventures inattendues. Pour la nouvelle saison, nous avons optimis\u00e9 le design et ajout\u00e9 un pare-chocs de protection \u00e0 l&#8217;avant, afin que vous vous sentiez inarr\u00eatable m\u00eame sur les terrains les plus accident\u00e9s et irr\u00e9guliers.<\/p>\n","protected":false},"excerpt":{"rendered":"<p>La XA ROGG 2 GORE-TEX de trail running imperm\u00e9able est toujours pr\u00eate pour des aventures inattendues. Pour la nouvelle saison,<\/p>\n","protected":false},"featured_media":506991,"template":"","meta":{"_seopress_robots_primary_cat":"none","_seopress_titles_title":"","_seopress_titles_desc":"","_seopress_robots_index":""},"product_brand":[4366],"product_cat":[173,1420,1432],"product_tag":[],"class_list":{"0":"post-507004","1":"product","2":"type-product","3":"status-publish","4":"has-post-thumbnail","6":"product_brand-salomon-fr","7":"product_cat-chaussures","8":"product_cat-chaussures-de-loisirs","9":"product_cat-chaussures-pour-hommes","10":"sws-gruppo-abb-libero-fr","11":"sws-conto-ricavi-merci-rivendita-abbigliamento-fr","12":"sws-gruppo-iva-iva81-fr","14":"first","15":"instock","16":"shipping-taxable","17":"purchasable","18":"product-type-variable"},"_links":{"self":[{"href":"https:\/\/lucacastelli.com\/fr\/wp-json\/wp\/v2\/product\/507004","targetHints":{"allow":["GET"]}}],"collection":[{"href":"https:\/\/lucacastelli.com\/fr\/wp-json\/wp\/v2\/product"}],"about":[{"href":"https:\/\/lucacastelli.com\/fr\/wp-json\/wp\/v2\/types\/product"}],"wp:featuredmedia":[{"embeddable":true,"href":"https:\/\/lucacastelli.com\/fr\/wp-json\/wp\/v2\/media\/506991"}],"wp:attachment":[{"href":"https:\/\/lucacastelli.com\/fr\/wp-json\/wp\/v2\/media?parent=507004"}],"wp:term":[{"taxonomy":"product_brand","embeddable":true,"href":"https:\/\/lucacastelli.com\/fr\/wp-json\/wp\/v2\/product_brand?post=507004"},{"taxonomy":"product_cat","embeddable":true,"href":"https:\/\/lucacastelli.com\/fr\/wp-json\/wp\/v2\/product_cat?post=507004"},{"taxonomy":"product_tag","embeddable":true,"href":"https:\/\/lucacastelli.com\/fr\/wp-json\/wp\/v2\/product_tag?post=507004"}],"curies":[{"name":"wp","href":"https:\/\/api.w.org\/{rel}","templated":true}]}}