{"id":506964,"date":"2025-07-21T13:01:39","date_gmt":"2025-07-21T11:01:39","guid":{"rendered":"https:\/\/lucacastelli.com\/prodotto\/salomon-outpulse-gtx-2\/"},"modified":"2026-04-14T03:10:38","modified_gmt":"2026-04-14T01:10:38","slug":"salomon-outpulse-gtx-2","status":"publish","type":"product","link":"https:\/\/lucacastelli.com\/fr\/produit\/salomon-outpulse-gtx-2\/","title":{"rendered":"SALOMON OUTpulse GTX"},"content":{"rendered":"<p>Chaussure de trekking dot\u00e9e d&#8217;un arsenal complet de technologies pour vous offrir une propulsion vers l&#8217;avant dans vos aventures outdoor. Ultra polyvalente pour suivre vos envies, l&#8217;OUTPULSE GORE-TEX est aussi adaptable que fiable. Avec une protection et une adh\u00e9rence exceptionnelles, elle est construite sur une semelle interm\u00e9diaire offrant des niveaux maximaux de restitution d&#8217;\u00e9nergie et d&#8217;amorti, gr\u00e2ce \u00e0 notre mousse Fuze Surge. R\u00e9inventez votre conception des aventures outdoor.   <\/p>\n","protected":false},"excerpt":{"rendered":"<p>Chaussure de trekking dot\u00e9e d&#8217;un arsenal complet de technologies pour vous offrir une propulsion vers l&#8217;avant dans vos aventures outdoor.<\/p>\n","protected":false},"featured_media":506951,"template":"","meta":{"_seopress_robots_primary_cat":"none","_seopress_titles_title":"","_seopress_titles_desc":"","_seopress_robots_index":""},"product_brand":[4366],"product_cat":[173,1420,1432],"product_tag":[],"class_list":{"0":"post-506964","1":"product","2":"type-product","3":"status-publish","4":"has-post-thumbnail","6":"product_brand-salomon-fr","7":"product_cat-chaussures","8":"product_cat-chaussures-de-loisirs","9":"product_cat-chaussures-pour-hommes","10":"sws-gruppo-abb-libero-fr","11":"sws-conto-ricavi-merci-rivendita-abbigliamento-fr","12":"sws-gruppo-iva-iva81-fr","14":"first","15":"instock","16":"shipping-taxable","17":"purchasable","18":"product-type-variable"},"_links":{"self":[{"href":"https:\/\/lucacastelli.com\/fr\/wp-json\/wp\/v2\/product\/506964","targetHints":{"allow":["GET"]}}],"collection":[{"href":"https:\/\/lucacastelli.com\/fr\/wp-json\/wp\/v2\/product"}],"about":[{"href":"https:\/\/lucacastelli.com\/fr\/wp-json\/wp\/v2\/types\/product"}],"wp:featuredmedia":[{"embeddable":true,"href":"https:\/\/lucacastelli.com\/fr\/wp-json\/wp\/v2\/media\/506951"}],"wp:attachment":[{"href":"https:\/\/lucacastelli.com\/fr\/wp-json\/wp\/v2\/media?parent=506964"}],"wp:term":[{"taxonomy":"product_brand","embeddable":true,"href":"https:\/\/lucacastelli.com\/fr\/wp-json\/wp\/v2\/product_brand?post=506964"},{"taxonomy":"product_cat","embeddable":true,"href":"https:\/\/lucacastelli.com\/fr\/wp-json\/wp\/v2\/product_cat?post=506964"},{"taxonomy":"product_tag","embeddable":true,"href":"https:\/\/lucacastelli.com\/fr\/wp-json\/wp\/v2\/product_tag?post=506964"}],"curies":[{"name":"wp","href":"https:\/\/api.w.org\/{rel}","templated":true}]}}