{"id":506948,"date":"2025-07-21T13:01:13","date_gmt":"2025-07-21T11:01:13","guid":{"rendered":"https:\/\/lucacastelli.com\/prodotto\/salomon-wayfarer-shorts-w-2\/"},"modified":"2026-03-01T00:25:16","modified_gmt":"2026-02-28T23:25:16","slug":"salomon-wayfarer-shorts-w-2","status":"publish","type":"product","link":"https:\/\/lucacastelli.com\/fr\/produit\/salomon-wayfarer-shorts-w-2\/","title":{"rendered":"SALOMON WAYFARER SHORTS W"},"content":{"rendered":"<p>Parfait par temps chaud, le short pour femme WAYFARER offre une libert\u00e9 de mouvement maximale sans faire de compromis sur la durabilit\u00e9. Avec du polyamide recycl\u00e9 et un traitement d\u00e9perlant sans PFC, ils contribuent \u00e0 leur mani\u00e8re \u00e0 la pr\u00e9servation de la plan\u00e8te. La ligne WAYFARER s&#8217;av\u00e8re \u00eatre l&#8217;une des plus appr\u00e9ci\u00e9es par les randonneurs qui souhaitent allier confort et performance.<\/p>\n","protected":false},"excerpt":{"rendered":"<p>Parfait par temps chaud, le short pour femme WAYFARER offre une libert\u00e9 de mouvement maximale sans faire de compromis sur<\/p>\n","protected":false},"featured_media":506943,"template":"","meta":{"_seopress_robots_primary_cat":"","_seopress_titles_title":"","_seopress_titles_desc":"","_seopress_robots_index":""},"product_brand":[4364],"product_cat":[21,189,200],"product_tag":[],"class_list":{"0":"post-506948","1":"product","2":"type-product","3":"status-publish","4":"has-post-thumbnail","6":"product_brand-salomon","7":"product_cat-abbigliamento","8":"product_cat-abbigliamento-per-il-tempo-libero","9":"product_cat-abbigliamento-da-donna","10":"sws-gruppo-abb-libero-fr","11":"sws-conto-ricavi-merci-rivendita-abbigliamento-fr","12":"sws-gruppo-iva-iva81-fr","14":"first","15":"instock","16":"shipping-taxable","17":"purchasable","18":"product-type-variable"},"_links":{"self":[{"href":"https:\/\/lucacastelli.com\/fr\/wp-json\/wp\/v2\/product\/506948","targetHints":{"allow":["GET"]}}],"collection":[{"href":"https:\/\/lucacastelli.com\/fr\/wp-json\/wp\/v2\/product"}],"about":[{"href":"https:\/\/lucacastelli.com\/fr\/wp-json\/wp\/v2\/types\/product"}],"wp:featuredmedia":[{"embeddable":true,"href":"https:\/\/lucacastelli.com\/fr\/wp-json\/wp\/v2\/media\/506943"}],"wp:attachment":[{"href":"https:\/\/lucacastelli.com\/fr\/wp-json\/wp\/v2\/media?parent=506948"}],"wp:term":[{"taxonomy":"product_brand","embeddable":true,"href":"https:\/\/lucacastelli.com\/fr\/wp-json\/wp\/v2\/product_brand?post=506948"},{"taxonomy":"product_cat","embeddable":true,"href":"https:\/\/lucacastelli.com\/fr\/wp-json\/wp\/v2\/product_cat?post=506948"},{"taxonomy":"product_tag","embeddable":true,"href":"https:\/\/lucacastelli.com\/fr\/wp-json\/wp\/v2\/product_tag?post=506948"}],"curies":[{"name":"wp","href":"https:\/\/api.w.org\/{rel}","templated":true}]}}