{"id":506888,"date":"2025-01-08T22:44:11","date_gmt":"2025-01-08T21:44:11","guid":{"rendered":"https:\/\/lucacastelli.com\/prodotto\/drahtseilklemme-lt-blau\/"},"modified":"2025-01-08T22:44:11","modified_gmt":"2025-01-08T21:44:11","slug":"drahtseilklemme-lt-blau","status":"publish","type":"product","link":"https:\/\/lucacastelli.com\/fr\/produit\/drahtseilklemme-lt-blau\/","title":{"rendered":"Drahtseilklemme LT-blau"},"content":{"rendered":"<p>Informations sur le produit :<br \/>\nLa corde reste intacte gr\u00e2ce au m\u00e9canisme de serrage sp\u00e9cial.<br \/>\nPar c\u00e2ble \u00d8 : 8,0 &#8211; 11,4 mm<br \/>\nCharge utile : 48kN (4,8t)<\/p>\n<p>Attention : la couleur des diff\u00e9rents composants peut varier (voir image n\u00b0 3). Cependant, cela n\u2019affecte pas la fonctionnalit\u00e9 du bloqueur de c\u00e2ble. <\/p>\n","protected":false},"excerpt":{"rendered":"<p>Informations sur le produit : La corde reste intacte gr\u00e2ce au m\u00e9canisme de serrage sp\u00e9cial. Par c\u00e2ble \u00d8 : 8,0<\/p>\n","protected":false},"featured_media":95023,"template":"","meta":{"_seopress_robots_primary_cat":"","_seopress_titles_title":"","_seopress_titles_desc":"","_seopress_robots_index":""},"product_brand":[4641],"product_cat":[150,1396,1494],"product_tag":[],"class_list":{"0":"post-506888","1":"product","2":"type-product","3":"status-publish","4":"has-post-thumbnail","6":"product_brand-lt-de","7":"product_cat-ausrustung","8":"product_cat-arbeitsausrustung","9":"product_cat-sonstige-arbeitsausrustung","11":"first","12":"onbackorder","13":"shipping-taxable","14":"purchasable","15":"product-type-simple"},"_links":{"self":[{"href":"https:\/\/lucacastelli.com\/fr\/wp-json\/wp\/v2\/product\/506888","targetHints":{"allow":["GET"]}}],"collection":[{"href":"https:\/\/lucacastelli.com\/fr\/wp-json\/wp\/v2\/product"}],"about":[{"href":"https:\/\/lucacastelli.com\/fr\/wp-json\/wp\/v2\/types\/product"}],"wp:featuredmedia":[{"embeddable":true,"href":"https:\/\/lucacastelli.com\/fr\/wp-json\/wp\/v2\/media\/95023"}],"wp:attachment":[{"href":"https:\/\/lucacastelli.com\/fr\/wp-json\/wp\/v2\/media?parent=506888"}],"wp:term":[{"taxonomy":"product_brand","embeddable":true,"href":"https:\/\/lucacastelli.com\/fr\/wp-json\/wp\/v2\/product_brand?post=506888"},{"taxonomy":"product_cat","embeddable":true,"href":"https:\/\/lucacastelli.com\/fr\/wp-json\/wp\/v2\/product_cat?post=506888"},{"taxonomy":"product_tag","embeddable":true,"href":"https:\/\/lucacastelli.com\/fr\/wp-json\/wp\/v2\/product_tag?post=506888"}],"curies":[{"name":"wp","href":"https:\/\/api.w.org\/{rel}","templated":true}]}}