{"id":506887,"date":"2025-01-09T07:04:12","date_gmt":"2025-01-09T06:04:12","guid":{"rendered":"https:\/\/lucacastelli.com\/prodotto\/kehrhaken-lt-light-2\/"},"modified":"2025-01-09T07:04:12","modified_gmt":"2025-01-09T06:04:12","slug":"kehrhaken-lt-light-2","status":"publish","type":"product","link":"https:\/\/lucacastelli.com\/fr\/produit\/kehrhaken-lt-light-2\/","title":{"rendered":"Kehrhaken LT-light 2"},"content":{"rendered":"<p>Informations sur le produit :<br \/>\n Beaucoup plus l\u00e9ger que les crochets de ramonage traditionnels, mais robuste. Fonction : rotation de tous les troncs d\u2019arbres. Charge utile&nbsp;: Main-d\u2019\u0153uvre, Mat\u00e9riau&nbsp;: Aluminium haute r\u00e9sistance, Poids&nbsp;: 4,5 kg Ouverture maximale 45 cm.  <\/p>\n","protected":false},"excerpt":{"rendered":"<p>Informations sur le produit : Beaucoup plus l\u00e9ger que les crochets de ramonage traditionnels, mais robuste. Fonction : rotation de<\/p>\n","protected":false},"featured_media":95033,"template":"","meta":{"_seopress_robots_primary_cat":"","_seopress_titles_title":"","_seopress_titles_desc":"","_seopress_robots_index":""},"product_brand":[4638],"product_cat":[1496,144,1397],"product_tag":[],"class_list":{"0":"post-506887","1":"product","2":"type-product","3":"status-publish","4":"has-post-thumbnail","6":"product_brand-lt-fr","7":"product_cat-autres-equipements-de-travail","8":"product_cat-equipement","9":"product_cat-equipement-de-travail","11":"first","12":"onbackorder","13":"shipping-taxable","14":"purchasable","15":"product-type-simple"},"_links":{"self":[{"href":"https:\/\/lucacastelli.com\/fr\/wp-json\/wp\/v2\/product\/506887","targetHints":{"allow":["GET"]}}],"collection":[{"href":"https:\/\/lucacastelli.com\/fr\/wp-json\/wp\/v2\/product"}],"about":[{"href":"https:\/\/lucacastelli.com\/fr\/wp-json\/wp\/v2\/types\/product"}],"wp:featuredmedia":[{"embeddable":true,"href":"https:\/\/lucacastelli.com\/fr\/wp-json\/wp\/v2\/media\/95033"}],"wp:attachment":[{"href":"https:\/\/lucacastelli.com\/fr\/wp-json\/wp\/v2\/media?parent=506887"}],"wp:term":[{"taxonomy":"product_brand","embeddable":true,"href":"https:\/\/lucacastelli.com\/fr\/wp-json\/wp\/v2\/product_brand?post=506887"},{"taxonomy":"product_cat","embeddable":true,"href":"https:\/\/lucacastelli.com\/fr\/wp-json\/wp\/v2\/product_cat?post=506887"},{"taxonomy":"product_tag","embeddable":true,"href":"https:\/\/lucacastelli.com\/fr\/wp-json\/wp\/v2\/product_tag?post=506887"}],"curies":[{"name":"wp","href":"https:\/\/api.w.org\/{rel}","templated":true}]}}