{"id":506874,"date":"2022-11-08T13:43:22","date_gmt":"2022-11-08T12:43:22","guid":{"rendered":"https:\/\/lucacastelli.com\/prodotto\/ternua-veste-kalekki-2-0-m\/"},"modified":"2026-04-18T01:34:56","modified_gmt":"2026-04-17T23:34:56","slug":"ternua-veste-kalekki-2-0-m","status":"publish","type":"product","link":"https:\/\/lucacastelli.com\/fr\/produit\/ternua-veste-kalekki-2-0-m\/","title":{"rendered":"TERNUA Kalekki 2.0 Jacket M"},"content":{"rendered":"<p>KALEKKI, la nouvelle veste pour homme, parfaite pour \u00eatre port\u00e9e au quotidien. R\u00e9alis\u00e9e en WARMSHELL et RECYCELT WARMSHELL combin\u00e9s avec un traitement hydrofuge, elle s\u00e8che rapidement et offre une excellente libert\u00e9 de mouvement et de hautes performances thermiques pour r\u00e9sister aux environnements froids. Elle pr\u00e9sente \u00e9galement une grande poche zipp\u00e9e sur la poitrine et des poches passepoil\u00e9es zipp\u00e9es pour ne rien oublier.  <\/p>\n","protected":false},"excerpt":{"rendered":"<p>KALEKKI, la nouvelle veste pour homme, parfaite pour \u00eatre port\u00e9e au quotidien. R\u00e9alis\u00e9e en WARMSHELL et RECYCELT WARMSHELL combin\u00e9s avec<\/p>\n","protected":false},"featured_media":83851,"template":"","meta":{"_seopress_robots_primary_cat":"","_seopress_titles_title":"","_seopress_titles_desc":"","_seopress_robots_index":""},"product_brand":[4505],"product_cat":[81,981,982],"product_tag":[],"class_list":{"0":"post-506874","1":"product","2":"type-product","3":"status-publish","4":"has-post-thumbnail","6":"product_brand-ternua-fr","7":"product_cat-vetements","8":"product_cat-vetements-de-loisirs","9":"product_cat-vetements-pour-hommes","10":"sws-gruppo-abb-libero-fr","11":"sws-conto-ricavi-merci-rivendita-abbigliamento-fr","12":"sws-gruppo-iva-iva81-fr","14":"first","15":"instock","16":"shipping-taxable","17":"purchasable","18":"product-type-variable"},"_links":{"self":[{"href":"https:\/\/lucacastelli.com\/fr\/wp-json\/wp\/v2\/product\/506874","targetHints":{"allow":["GET"]}}],"collection":[{"href":"https:\/\/lucacastelli.com\/fr\/wp-json\/wp\/v2\/product"}],"about":[{"href":"https:\/\/lucacastelli.com\/fr\/wp-json\/wp\/v2\/types\/product"}],"wp:featuredmedia":[{"embeddable":true,"href":"https:\/\/lucacastelli.com\/fr\/wp-json\/wp\/v2\/media\/83851"}],"wp:attachment":[{"href":"https:\/\/lucacastelli.com\/fr\/wp-json\/wp\/v2\/media?parent=506874"}],"wp:term":[{"taxonomy":"product_brand","embeddable":true,"href":"https:\/\/lucacastelli.com\/fr\/wp-json\/wp\/v2\/product_brand?post=506874"},{"taxonomy":"product_cat","embeddable":true,"href":"https:\/\/lucacastelli.com\/fr\/wp-json\/wp\/v2\/product_cat?post=506874"},{"taxonomy":"product_tag","embeddable":true,"href":"https:\/\/lucacastelli.com\/fr\/wp-json\/wp\/v2\/product_tag?post=506874"}],"curies":[{"name":"wp","href":"https:\/\/api.w.org\/{rel}","templated":true}]}}