{"id":506813,"date":"2025-01-08T16:14:56","date_gmt":"2025-01-08T15:14:56","guid":{"rendered":"https:\/\/lucacastelli.com\/prodotto\/seilrolle-lt-blau-100kn\/"},"modified":"2025-01-08T16:14:56","modified_gmt":"2025-01-08T15:14:56","slug":"seilrolle-lt-blau-100kn","status":"publish","type":"product","link":"https:\/\/lucacastelli.com\/fr\/produit\/seilrolle-lt-blau-100kn\/","title":{"rendered":"Seilrolle LT-blau 100kN"},"content":{"rendered":"<p>Informations sur le produit :<br \/>\n La poulie \u00e0 palier lisse \u00e9prouv\u00e9e pour de faibles vitesses de c\u00e2ble lorsqu\u2019elle est utilis\u00e9e avec des palans manuels \u00e0 c\u00e2ble. Charge de travail au sol 100kN (10t) \u2502 Charge de rupture 200kN (20t) \u2502 Corde \u00d8 max. 12mm \u2502 Poulie \u00d8 84mm \u2502 Vitesse max. de fonctionnement manuel \u2502 Poids 0,9kg Vitesse maximale de fonctionnement manuel \u2502 Poids 0,9 kg <\/p>\n","protected":false},"excerpt":{"rendered":"<p>Informations sur le produit : La poulie \u00e0 palier lisse \u00e9prouv\u00e9e pour de faibles vitesses de c\u00e2ble lorsqu\u2019elle est utilis\u00e9e<\/p>\n","protected":false},"featured_media":95003,"template":"","meta":{"_seopress_robots_primary_cat":"","_seopress_titles_title":"","_seopress_titles_desc":"","_seopress_robots_index":""},"product_brand":[4638],"product_cat":[1496,144,1397],"product_tag":[],"class_list":{"0":"post-506813","1":"product","2":"type-product","3":"status-publish","4":"has-post-thumbnail","6":"product_brand-lt-fr","7":"product_cat-autres-equipements-de-travail","8":"product_cat-equipement","9":"product_cat-equipement-de-travail","11":"first","12":"onbackorder","13":"shipping-taxable","14":"purchasable","15":"product-type-simple"},"_links":{"self":[{"href":"https:\/\/lucacastelli.com\/fr\/wp-json\/wp\/v2\/product\/506813","targetHints":{"allow":["GET"]}}],"collection":[{"href":"https:\/\/lucacastelli.com\/fr\/wp-json\/wp\/v2\/product"}],"about":[{"href":"https:\/\/lucacastelli.com\/fr\/wp-json\/wp\/v2\/types\/product"}],"wp:featuredmedia":[{"embeddable":true,"href":"https:\/\/lucacastelli.com\/fr\/wp-json\/wp\/v2\/media\/95003"}],"wp:attachment":[{"href":"https:\/\/lucacastelli.com\/fr\/wp-json\/wp\/v2\/media?parent=506813"}],"wp:term":[{"taxonomy":"product_brand","embeddable":true,"href":"https:\/\/lucacastelli.com\/fr\/wp-json\/wp\/v2\/product_brand?post=506813"},{"taxonomy":"product_cat","embeddable":true,"href":"https:\/\/lucacastelli.com\/fr\/wp-json\/wp\/v2\/product_cat?post=506813"},{"taxonomy":"product_tag","embeddable":true,"href":"https:\/\/lucacastelli.com\/fr\/wp-json\/wp\/v2\/product_tag?post=506813"}],"curies":[{"name":"wp","href":"https:\/\/api.w.org\/{rel}","templated":true}]}}