{"id":506811,"date":"2025-01-08T16:12:38","date_gmt":"2025-01-08T15:12:38","guid":{"rendered":"https:\/\/lucacastelli.com\/prodotto\/seilrolle-lt-violett-110kn\/"},"modified":"2025-01-08T16:12:38","modified_gmt":"2025-01-08T15:12:38","slug":"seilrolle-lt-violett-110kn","status":"publish","type":"product","link":"https:\/\/lucacastelli.com\/fr\/produit\/seilrolle-lt-violett-110kn\/","title":{"rendered":"Seilrolle LT-violett 110kN"},"content":{"rendered":"<p>Informations sur le produit :<br \/>\n Tr\u00e8s l\u00e9ger et facile \u00e0 manipuler, id\u00e9al pour les treuils \u00e0 c\u00e2ble jusqu\u2019\u00e0 5,5 tonnes. Charge de travail au sol 110kN (11t) \u2502 Charge de rupture 220kN (22t) \u2502 Corde maximale \u00d8 12mm \u2502 Poulie \u00d8 134mm \u2502 Vitesse maximale 2m\/s \u2502 Poids 3kg Vitesse maximale 2m\/s \u2502 Poids 3.2kg <\/p>\n","protected":false},"excerpt":{"rendered":"<p>Informations sur le produit : Tr\u00e8s l\u00e9ger et facile \u00e0 manipuler, id\u00e9al pour les treuils \u00e0 c\u00e2ble jusqu\u2019\u00e0 5,5 tonnes.<\/p>\n","protected":false},"featured_media":94993,"template":"","meta":{"_seopress_robots_primary_cat":"","_seopress_titles_title":"","_seopress_titles_desc":"","_seopress_robots_index":""},"product_brand":[4638],"product_cat":[1496,144,1397],"product_tag":[],"class_list":{"0":"post-506811","1":"product","2":"type-product","3":"status-publish","4":"has-post-thumbnail","6":"product_brand-lt-fr","7":"product_cat-autres-equipements-de-travail","8":"product_cat-equipement","9":"product_cat-equipement-de-travail","11":"first","12":"onbackorder","13":"shipping-taxable","14":"purchasable","15":"product-type-simple"},"_links":{"self":[{"href":"https:\/\/lucacastelli.com\/fr\/wp-json\/wp\/v2\/product\/506811","targetHints":{"allow":["GET"]}}],"collection":[{"href":"https:\/\/lucacastelli.com\/fr\/wp-json\/wp\/v2\/product"}],"about":[{"href":"https:\/\/lucacastelli.com\/fr\/wp-json\/wp\/v2\/types\/product"}],"wp:featuredmedia":[{"embeddable":true,"href":"https:\/\/lucacastelli.com\/fr\/wp-json\/wp\/v2\/media\/94993"}],"wp:attachment":[{"href":"https:\/\/lucacastelli.com\/fr\/wp-json\/wp\/v2\/media?parent=506811"}],"wp:term":[{"taxonomy":"product_brand","embeddable":true,"href":"https:\/\/lucacastelli.com\/fr\/wp-json\/wp\/v2\/product_brand?post=506811"},{"taxonomy":"product_cat","embeddable":true,"href":"https:\/\/lucacastelli.com\/fr\/wp-json\/wp\/v2\/product_cat?post=506811"},{"taxonomy":"product_tag","embeddable":true,"href":"https:\/\/lucacastelli.com\/fr\/wp-json\/wp\/v2\/product_tag?post=506811"}],"curies":[{"name":"wp","href":"https:\/\/api.w.org\/{rel}","templated":true}]}}