{"id":506798,"date":"2025-01-08T15:38:17","date_gmt":"2025-01-08T14:38:17","guid":{"rendered":"https:\/\/lucacastelli.com\/prodotto\/seilrolle-lt-rot-170kn\/"},"modified":"2025-01-08T15:38:17","modified_gmt":"2025-01-08T14:38:17","slug":"seilrolle-lt-rot-170kn","status":"publish","type":"product","link":"https:\/\/lucacastelli.com\/fr\/produit\/seilrolle-lt-rot-170kn\/","title":{"rendered":"Seilrolle LT-rot 170kN"},"content":{"rendered":"<p>Informations sur le produit :<br \/>\n L\u2019original ! Test\u00e9 1000 fois et appr\u00e9ci\u00e9 \u00e0 l\u2019usage. Charge de travail au sol 170kN (17t) \u2502 Charge de rupture 340kN (34t) \u2502 \u00d8 corde maximum 14mm \u2502 \u00d8 poulie 172mm \u2502 Vitesse maximale 2m\/s \u2502 Poids 4.1kg Vitesse maximale 2m\/s \u2502 Poids 4.1kg  <\/p>\n","protected":false},"excerpt":{"rendered":"<p>Informations sur le produit : L\u2019original ! Test\u00e9 1000 fois et appr\u00e9ci\u00e9 \u00e0 l\u2019usage. Charge de travail au sol 170kN<\/p>\n","protected":false},"featured_media":94983,"template":"","meta":{"_seopress_robots_primary_cat":"","_seopress_titles_title":"","_seopress_titles_desc":"","_seopress_robots_index":""},"product_brand":[4638],"product_cat":[1496,144,1397],"product_tag":[],"class_list":{"0":"post-506798","1":"product","2":"type-product","3":"status-publish","4":"has-post-thumbnail","6":"product_brand-lt-fr","7":"product_cat-autres-equipements-de-travail","8":"product_cat-equipement","9":"product_cat-equipement-de-travail","11":"first","12":"onbackorder","13":"shipping-taxable","14":"purchasable","15":"product-type-simple"},"_links":{"self":[{"href":"https:\/\/lucacastelli.com\/fr\/wp-json\/wp\/v2\/product\/506798","targetHints":{"allow":["GET"]}}],"collection":[{"href":"https:\/\/lucacastelli.com\/fr\/wp-json\/wp\/v2\/product"}],"about":[{"href":"https:\/\/lucacastelli.com\/fr\/wp-json\/wp\/v2\/types\/product"}],"wp:featuredmedia":[{"embeddable":true,"href":"https:\/\/lucacastelli.com\/fr\/wp-json\/wp\/v2\/media\/94983"}],"wp:attachment":[{"href":"https:\/\/lucacastelli.com\/fr\/wp-json\/wp\/v2\/media?parent=506798"}],"wp:term":[{"taxonomy":"product_brand","embeddable":true,"href":"https:\/\/lucacastelli.com\/fr\/wp-json\/wp\/v2\/product_brand?post=506798"},{"taxonomy":"product_cat","embeddable":true,"href":"https:\/\/lucacastelli.com\/fr\/wp-json\/wp\/v2\/product_cat?post=506798"},{"taxonomy":"product_tag","embeddable":true,"href":"https:\/\/lucacastelli.com\/fr\/wp-json\/wp\/v2\/product_tag?post=506798"}],"curies":[{"name":"wp","href":"https:\/\/api.w.org\/{rel}","templated":true}]}}