{"id":506719,"date":"2023-11-09T17:12:00","date_gmt":"2023-11-09T16:12:00","guid":{"rendered":"https:\/\/lucacastelli.com\/prodotto\/mico-trek-extra-dry\/"},"modified":"2023-11-09T17:12:00","modified_gmt":"2023-11-09T16:12:00","slug":"mico-trek-extra-dry","status":"publish","type":"product","link":"https:\/\/lucacastelli.com\/fr\/produit\/mico-trek-extra-dry\/","title":{"rendered":"MICO TREK EXTRA DRY"},"content":{"rendered":"<p>JERSEY MICOTEX\u00ae + FIBRE LYCRA\u00ae &#8211; RENFORTS ANATOMIQUES L+R EN COOLMAX\u00ae &#8211; COUTURE PLATE ANTI-FRICTION &#8211; PROTECTION DE LA CHEVILLE ET DU TENDON D\u2019ACHILLE &#8211; BANDES \u00c9LASTIQUES \u00c0 LA CHEVILLE ET \u00c0 LA VO\u00dbTE PLANTAIRE &#8211; SUPPORT \u00c9LASTIQUE SUR LE COU-DE-PIED<br \/>\nUGS :<br \/>\nCA03058_006 Composition<br \/>\n46&nbsp;%PL-COOLMAX-38&nbsp;%PA-13&nbsp;%PP-3&nbsp;%LYCRA<\/p>\n<p>Sexe<br \/>\nUNISEXE ADULTE<\/p>\n","protected":false},"excerpt":{"rendered":"<p>JERSEY MICOTEX\u00ae + FIBRE LYCRA\u00ae &#8211; RENFORTS ANATOMIQUES L+R EN COOLMAX\u00ae &#8211; COUTURE PLATE ANTI-FRICTION &#8211; PROTECTION DE LA CHEVILLE<\/p>\n","protected":false},"featured_media":99470,"template":"","meta":{"_seopress_robots_primary_cat":"","_seopress_titles_title":"","_seopress_titles_desc":"","_seopress_robots_index":""},"product_brand":[4699],"product_cat":[173,1399],"product_tag":[],"class_list":{"0":"post-506719","1":"product","2":"type-product","3":"status-publish","4":"has-post-thumbnail","6":"product_brand-mico-fr","7":"product_cat-chaussures","8":"product_cat-accessoires-pour-chaussures","10":"first","11":"instock","12":"shipping-taxable","13":"purchasable","14":"product-type-variable"},"_links":{"self":[{"href":"https:\/\/lucacastelli.com\/fr\/wp-json\/wp\/v2\/product\/506719","targetHints":{"allow":["GET"]}}],"collection":[{"href":"https:\/\/lucacastelli.com\/fr\/wp-json\/wp\/v2\/product"}],"about":[{"href":"https:\/\/lucacastelli.com\/fr\/wp-json\/wp\/v2\/types\/product"}],"wp:featuredmedia":[{"embeddable":true,"href":"https:\/\/lucacastelli.com\/fr\/wp-json\/wp\/v2\/media\/99470"}],"wp:attachment":[{"href":"https:\/\/lucacastelli.com\/fr\/wp-json\/wp\/v2\/media?parent=506719"}],"wp:term":[{"taxonomy":"product_brand","embeddable":true,"href":"https:\/\/lucacastelli.com\/fr\/wp-json\/wp\/v2\/product_brand?post=506719"},{"taxonomy":"product_cat","embeddable":true,"href":"https:\/\/lucacastelli.com\/fr\/wp-json\/wp\/v2\/product_cat?post=506719"},{"taxonomy":"product_tag","embeddable":true,"href":"https:\/\/lucacastelli.com\/fr\/wp-json\/wp\/v2\/product_tag?post=506719"}],"curies":[{"name":"wp","href":"https:\/\/api.w.org\/{rel}","templated":true}]}}