{"id":506705,"date":"2022-07-09T11:00:14","date_gmt":"2022-07-09T09:00:14","guid":{"rendered":"https:\/\/lucacastelli.com\/prodotto\/pantalon-mico-extra-dry-skintech\/"},"modified":"2022-07-09T11:00:14","modified_gmt":"2022-07-09T09:00:14","slug":"pantalon-mico-extra-dry-skintech","status":"publish","type":"product","link":"https:\/\/lucacastelli.com\/fr\/produit\/pantalon-mico-extra-dry-skintech\/","title":{"rendered":"Pantalon MICO EXTRA DRY SKINTECH"},"content":{"rendered":"<p>GESTION DE LA TRANSPIRATION HIGH-TECH SANS COUTURE POUR TOUS LES SPORTS HAUTE RESPIRABILIT\u00c9 FABRIQU\u00c9E AVEC UNE TECHNOLOGIE \u00c0 DEUX COMPOSANTS QUI COMBINE UN TISSU HYDROPHOBE \u00c0 L\u2019INT\u00c9RIEUR (POLYPROPYL\u00c8NE\u00ae DRYARN) AVEC UN TISSU HYDROPHILE \u00c0 L\u2019EXT\u00c9RIEUR POUR MAXIMISER L\u2019EXPULSION DE L\u2019EXC\u00c8S D\u2019HUMIDIT\u00c9 &#8211; UN GRAND CONFORT POUR UNE PEAU TOUJOURS S\u00c8CHE ET THERMOR\u00c9GUL\u00c9E &#8211; UNE STRUCTURE ANATOMIQUE AVEC DES ZONES DE TISSAGE DIFF\u00c9RENCI\u00c9ES.<\/p>\n<p>Composition<br \/>\n70&nbsp;%PP-20&nbsp;%PA-10&nbsp;%EA<\/p>\n","protected":false},"excerpt":{"rendered":"<p>GESTION DE LA TRANSPIRATION HIGH-TECH SANS COUTURE POUR TOUS LES SPORTS HAUTE RESPIRABILIT\u00c9 FABRIQU\u00c9E AVEC UNE TECHNOLOGIE \u00c0 DEUX COMPOSANTS<\/p>\n","protected":false},"featured_media":75236,"template":"","meta":{"_seopress_robots_primary_cat":"","_seopress_titles_title":"","_seopress_titles_desc":"","_seopress_robots_index":""},"product_brand":[4699],"product_cat":[81,981,1387],"product_tag":[],"class_list":{"0":"post-506705","1":"product","2":"type-product","3":"status-publish","4":"has-post-thumbnail","6":"product_brand-mico-fr","7":"product_cat-vetements","8":"product_cat-vetements-de-loisirs","9":"product_cat-vetements-pour-femmes","10":"sws-gruppo-abb-libero-de","11":"sws-conto-ricavi-merci-rivendita-abbigliamento","12":"sws-gruppo-iva-iva81","14":"first","15":"instock","16":"shipping-taxable","17":"purchasable","18":"product-type-variable"},"_links":{"self":[{"href":"https:\/\/lucacastelli.com\/fr\/wp-json\/wp\/v2\/product\/506705","targetHints":{"allow":["GET"]}}],"collection":[{"href":"https:\/\/lucacastelli.com\/fr\/wp-json\/wp\/v2\/product"}],"about":[{"href":"https:\/\/lucacastelli.com\/fr\/wp-json\/wp\/v2\/types\/product"}],"wp:featuredmedia":[{"embeddable":true,"href":"https:\/\/lucacastelli.com\/fr\/wp-json\/wp\/v2\/media\/75236"}],"wp:attachment":[{"href":"https:\/\/lucacastelli.com\/fr\/wp-json\/wp\/v2\/media?parent=506705"}],"wp:term":[{"taxonomy":"product_brand","embeddable":true,"href":"https:\/\/lucacastelli.com\/fr\/wp-json\/wp\/v2\/product_brand?post=506705"},{"taxonomy":"product_cat","embeddable":true,"href":"https:\/\/lucacastelli.com\/fr\/wp-json\/wp\/v2\/product_cat?post=506705"},{"taxonomy":"product_tag","embeddable":true,"href":"https:\/\/lucacastelli.com\/fr\/wp-json\/wp\/v2\/product_tag?post=506705"}],"curies":[{"name":"wp","href":"https:\/\/api.w.org\/{rel}","templated":true}]}}