{"id":506681,"date":"2022-07-08T18:13:17","date_gmt":"2022-07-08T16:13:17","guid":{"rendered":"https:\/\/lucacastelli.com\/prodotto\/mico-hike-extra-dry\/"},"modified":"2022-07-08T18:13:17","modified_gmt":"2022-07-08T16:13:17","slug":"mico-hike-extra-dry","status":"publish","type":"product","link":"https:\/\/lucacastelli.com\/fr\/produit\/mico-hike-extra-dry\/","title":{"rendered":"MICO HIKE EXTRA DRY"},"content":{"rendered":"<p>TRICOT EN POLYPROPYL\u00c8NE MICOTEX\u00ae + FIBRE LYCRA\u00ae &#8211; RENFORTS BASSE DENSIT\u00c9 EN EVERDRY\u00ae &#8211; INSERTS DE PROTECTION \u00c0 LA CHEVILLE &#8211; BANDES \u00c9LASTIQUES ANTI-TORSION \u00c0 LA CHEVILLE ET \u00c0 LA VO\u00dbTE PLANTAIRE<\/p>\n<p>Composition<br \/>\n42&nbsp;%PL-EVERDRY-38&nbsp;%PA-8&nbsp;%PP-7&nbsp;%LYCRA-5&nbsp;%TACTEL<\/p>\n","protected":false},"excerpt":{"rendered":"<p>TRICOT EN POLYPROPYL\u00c8NE MICOTEX\u00ae + FIBRE LYCRA\u00ae &#8211; RENFORTS BASSE DENSIT\u00c9 EN EVERDRY\u00ae &#8211; INSERTS DE PROTECTION \u00c0 LA CHEVILLE<\/p>\n","protected":false},"featured_media":75154,"template":"","meta":{"_seopress_robots_primary_cat":"","_seopress_titles_title":"","_seopress_titles_desc":"","_seopress_robots_index":""},"product_brand":[4699],"product_cat":[81,173,1399],"product_tag":[],"class_list":{"0":"post-506681","1":"product","2":"type-product","3":"status-publish","4":"has-post-thumbnail","6":"product_brand-mico-fr","7":"product_cat-vetements","8":"product_cat-chaussures","9":"product_cat-accessoires-pour-chaussures","10":"sws-gruppo-abb-libero-fr","11":"sws-conto-ricavi-merci-rivendita-abbigliamento-fr","12":"sws-gruppo-iva-iva81-fr","14":"first","15":"instock","16":"shipping-taxable","17":"purchasable","18":"product-type-variable"},"_links":{"self":[{"href":"https:\/\/lucacastelli.com\/fr\/wp-json\/wp\/v2\/product\/506681","targetHints":{"allow":["GET"]}}],"collection":[{"href":"https:\/\/lucacastelli.com\/fr\/wp-json\/wp\/v2\/product"}],"about":[{"href":"https:\/\/lucacastelli.com\/fr\/wp-json\/wp\/v2\/types\/product"}],"wp:featuredmedia":[{"embeddable":true,"href":"https:\/\/lucacastelli.com\/fr\/wp-json\/wp\/v2\/media\/75154"}],"wp:attachment":[{"href":"https:\/\/lucacastelli.com\/fr\/wp-json\/wp\/v2\/media?parent=506681"}],"wp:term":[{"taxonomy":"product_brand","embeddable":true,"href":"https:\/\/lucacastelli.com\/fr\/wp-json\/wp\/v2\/product_brand?post=506681"},{"taxonomy":"product_cat","embeddable":true,"href":"https:\/\/lucacastelli.com\/fr\/wp-json\/wp\/v2\/product_cat?post=506681"},{"taxonomy":"product_tag","embeddable":true,"href":"https:\/\/lucacastelli.com\/fr\/wp-json\/wp\/v2\/product_tag?post=506681"}],"curies":[{"name":"wp","href":"https:\/\/api.w.org\/{rel}","templated":true}]}}