{"id":506666,"date":"2022-07-09T10:52:19","date_gmt":"2022-07-09T08:52:19","guid":{"rendered":"https:\/\/lucacastelli.com\/prodotto\/chemise-a-col-droit-a-manches-mico-extra-dry\/"},"modified":"2022-07-09T10:52:19","modified_gmt":"2022-07-09T08:52:19","slug":"chemise-a-col-droit-a-manches-mico-extra-dry","status":"publish","type":"product","link":"https:\/\/lucacastelli.com\/fr\/produit\/chemise-a-col-droit-a-manches-mico-extra-dry\/","title":{"rendered":"Chemise \u00e0 col droit \u00e0 manches MICO EXTRA DRY"},"content":{"rendered":"<p>GESTION DE L\u2019HUMIDIT\u00c9 DE HAUTE TECHNOLOGIE SANS COUTURE POUR TOUS LES SPORTS HAUTEMENT RESPIRANT FABRIQU\u00c9 AVEC UNE TECHNOLOGIE \u00c0 DEUX COMPOSANTS QUI COMBINE UN TISSU HYDROPHOBE \u00c0 L\u2019INT\u00c9RIEUR (POLYPROPYL\u00c8NE DRYARN\u00ae) AVEC UN TISSU HYDROPHILE \u00c0 L\u2019EXT\u00c9RIEUR POUR MAXIMISER L\u2019EXPULSION DE L\u2019EXC\u00c8S D\u2019HUMIDIT\u00c9 &#8211; UN GRAND CONFORT POUR UNE PEAU TOUJOURS S\u00c8CHE ET THERMOR\u00c9GUL\u00c9E &#8211; STRUCTURE ANATOMIQUE AUX TEXTURES DIFF\u00c9RENCI\u00c9ES.<\/p>\n<p>Composition<br \/>\n70&nbsp;%PP-20&nbsp;%PA-10&nbsp;%EA<\/p>\n","protected":false},"excerpt":{"rendered":"<p>GESTION DE L\u2019HUMIDIT\u00c9 DE HAUTE TECHNOLOGIE SANS COUTURE POUR TOUS LES SPORTS HAUTEMENT RESPIRANT FABRIQU\u00c9 AVEC UNE TECHNOLOGIE \u00c0 DEUX<\/p>\n","protected":false},"featured_media":75226,"template":"","meta":{"_seopress_robots_primary_cat":"","_seopress_titles_title":"","_seopress_titles_desc":"","_seopress_robots_index":""},"product_brand":[4699],"product_cat":[81,981,1387],"product_tag":[],"class_list":{"0":"post-506666","1":"product","2":"type-product","3":"status-publish","4":"has-post-thumbnail","6":"product_brand-mico-fr","7":"product_cat-vetements","8":"product_cat-vetements-de-loisirs","9":"product_cat-vetements-pour-femmes","10":"sws-gruppo-abb-libero-fr","11":"sws-conto-ricavi-merci-rivendita-abbigliamento-fr","12":"sws-gruppo-iva-iva81-fr","14":"first","15":"instock","16":"shipping-taxable","17":"purchasable","18":"product-type-variable"},"_links":{"self":[{"href":"https:\/\/lucacastelli.com\/fr\/wp-json\/wp\/v2\/product\/506666","targetHints":{"allow":["GET"]}}],"collection":[{"href":"https:\/\/lucacastelli.com\/fr\/wp-json\/wp\/v2\/product"}],"about":[{"href":"https:\/\/lucacastelli.com\/fr\/wp-json\/wp\/v2\/types\/product"}],"wp:featuredmedia":[{"embeddable":true,"href":"https:\/\/lucacastelli.com\/fr\/wp-json\/wp\/v2\/media\/75226"}],"wp:attachment":[{"href":"https:\/\/lucacastelli.com\/fr\/wp-json\/wp\/v2\/media?parent=506666"}],"wp:term":[{"taxonomy":"product_brand","embeddable":true,"href":"https:\/\/lucacastelli.com\/fr\/wp-json\/wp\/v2\/product_brand?post=506666"},{"taxonomy":"product_cat","embeddable":true,"href":"https:\/\/lucacastelli.com\/fr\/wp-json\/wp\/v2\/product_cat?post=506666"},{"taxonomy":"product_tag","embeddable":true,"href":"https:\/\/lucacastelli.com\/fr\/wp-json\/wp\/v2\/product_tag?post=506666"}],"curies":[{"name":"wp","href":"https:\/\/api.w.org\/{rel}","templated":true}]}}