{"id":506642,"date":"2025-02-20T14:00:05","date_gmt":"2025-02-20T13:00:05","guid":{"rendered":"https:\/\/lucacastelli.com\/prodotto\/protection-auditive-peltor-comtac-viii\/"},"modified":"2025-02-20T14:00:05","modified_gmt":"2025-02-20T13:00:05","slug":"protection-auditive-peltor-comtac-viii","status":"publish","type":"product","link":"https:\/\/lucacastelli.com\/fr\/produit\/protection-auditive-peltor-comtac-viii\/","title":{"rendered":"Protection auditive Peltor ComTac VIII"},"content":{"rendered":"<p>Peltor ComTac VIII est une protection auditive de haute qualit\u00e9 con\u00e7ue selon les normes les plus strictes pour les op\u00e9rations militaires et polici\u00e8res. Cela en fait la solution id\u00e9ale pour les environnements acoustiques exigeants et offre \u00e0 la fois une excellente protection auditive et une capacit\u00e9 de communication confortable. La protection auditive Peltor ComTac VIII prot\u00e8ge efficacement contre les bruits impulsifs et les bruits constants, tout en augmentant la conscience auditive de la situation en \u00e9coutant les sons ambiants. Une particularit\u00e9 est les microphones orient\u00e9s vers l\u2019ext\u00e9rieur pour la d\u00e9tection du bruit externe, qui sont \u00e9galement plac\u00e9s dans une position en forme d\u2019entonnoir, ce qui offre un son plus naturel et une meilleure \u00e9coute directionnelle. Ce casque haut de gamme offre \u00e9galement des fonctionnalit\u00e9s avanc\u00e9es telles que les profils audio Mission (MAP) pour maximiser la perception auditive en fonction de l\u2019environnement, ainsi que la possibilit\u00e9 de choisir entre des param\u00e8tres classiques et avanc\u00e9s pour des profils sonores personnalis\u00e9s. En combinaison avec les bouchons d\u2019oreille passifs E-A-R Classic, le Peltor ComTac VIII peut obtenir une isolation encore plus grande pour une protection auditive optimale, m\u00eame en cas de grand nombre de coups ou d\u2019explosions de gros calibre.     <\/p>\n<ul>\n<li>Protection auditive active selon la norme EN 352-1<\/li>\n<li>R\u00e9pond aux exigences militaires les plus strictes<\/li>\n<li>Placement l\u00e9g\u00e8rement externe des microphones externes pour un son naturel et une meilleure protection contre le bruit du vent<\/li>\n<li>Quatre niveaux d\u2019amplification en mode d\u2019\u00e9coute classique<\/li>\n<li>Mode d\u2019\u00e9coute \u00e9tendu avec des profils sonores pr\u00e9d\u00e9finis (Mission Audio Profiles)<\/li>\n<li>peut \u00eatre combin\u00e9 avec les bouchons d\u2019oreille passifs Peltor E-A-R Classic<\/li>\n<li>Capsules plates, mais avec beaucoup d\u2019espace pour les oreilles<\/li>\n<li>Menu utilisateur avec s\u00e9lection de la langue<\/li>\n<li>Bandeau ergonomique et r\u00e9glable, convertible en fixation casque<\/li>\n<li>Peut \u00eatre combin\u00e9 avec des anneaux en gel confortables<\/li>\n<li>microphones \u00e9tanches selon IP68<\/li>\n<li>Compartiment \u00e0 piles \u00e9tanche d\u2019un c\u00f4t\u00e9<\/li>\n<li>Dur\u00e9e de fonctionnement env. 50 heures<\/li>\n<li>Valeur SNR 29 dB (ou 40 dB en combinaison avec les bouchons d\u2019oreille E-A-R Classic)<\/li>\n<li>Poids 340 g<\/li>\n<li>Livr\u00e9 avec 2 piles AAA<\/li>\n<\/ul>\n","protected":false},"excerpt":{"rendered":"<p>Peltor ComTac VIII est une protection auditive de haute qualit\u00e9 con\u00e7ue selon les normes les plus strictes pour les op\u00e9rations<\/p>\n","protected":false},"featured_media":92706,"template":"","meta":{"_seopress_robots_primary_cat":"","_seopress_titles_title":"","_seopress_titles_desc":"","_seopress_robots_index":""},"product_brand":[4399],"product_cat":[33,537,815,814],"product_tag":[],"class_list":{"0":"post-506642","1":"product","2":"type-product","3":"status-publish","4":"has-post-thumbnail","6":"product_brand-peltor-3m","7":"product_cat-attrezzature","8":"product_cat-attrezzatura-da-lavoro","9":"product_cat-caschi","10":"product_cat-imbraghi-e-materiale-di-sicurezza","11":"sws-gruppo-abb-libero","12":"sws-categoria-sito","13":"sws-conto-ricavi-merci-rivendita-abbigliamento","14":"sws-gruppo-iva-iva81","16":"first","17":"instock","18":"shipping-taxable","19":"purchasable","20":"product-type-simple"},"_links":{"self":[{"href":"https:\/\/lucacastelli.com\/fr\/wp-json\/wp\/v2\/product\/506642","targetHints":{"allow":["GET"]}}],"collection":[{"href":"https:\/\/lucacastelli.com\/fr\/wp-json\/wp\/v2\/product"}],"about":[{"href":"https:\/\/lucacastelli.com\/fr\/wp-json\/wp\/v2\/types\/product"}],"wp:featuredmedia":[{"embeddable":true,"href":"https:\/\/lucacastelli.com\/fr\/wp-json\/wp\/v2\/media\/92706"}],"wp:attachment":[{"href":"https:\/\/lucacastelli.com\/fr\/wp-json\/wp\/v2\/media?parent=506642"}],"wp:term":[{"taxonomy":"product_brand","embeddable":true,"href":"https:\/\/lucacastelli.com\/fr\/wp-json\/wp\/v2\/product_brand?post=506642"},{"taxonomy":"product_cat","embeddable":true,"href":"https:\/\/lucacastelli.com\/fr\/wp-json\/wp\/v2\/product_cat?post=506642"},{"taxonomy":"product_tag","embeddable":true,"href":"https:\/\/lucacastelli.com\/fr\/wp-json\/wp\/v2\/product_tag?post=506642"}],"curies":[{"name":"wp","href":"https:\/\/api.w.org\/{rel}","templated":true}]}}