{"id":506640,"date":"2023-03-21T13:11:09","date_gmt":"2023-03-21T12:11:09","guid":{"rendered":"https:\/\/lucacastelli.com\/prodotto\/3m-peltor-gehorschutz-h31\/"},"modified":"2025-08-16T23:53:28","modified_gmt":"2025-08-16T21:53:28","slug":"3m-peltor-gehorschutz-h31","status":"publish","type":"product","link":"https:\/\/lucacastelli.com\/fr\/produit\/3m-peltor-gehorschutz-h31\/","title":{"rendered":"Casque antibruit 3M Peltor H31"},"content":{"rendered":"<p>Protection auditive Peltor avec sangle enfichable, par exemple pour les casques Peltor G22d ou Schuberth Profi Plus (P3e). Fixation par enfichage pour un montage et un d\u00e9montage rapides sans outil. Support en acier \u00e0 ressort incassable, sans saillie ni g\u00eane. M\u00e9canisme de pliage avec pince de d\u00e9verrouillage pour la ventilation et la position de sommeil. Beaucoup d\u2019espace pour l\u2019oreille. Les bagues d\u2019\u00e9tanch\u00e9it\u00e9 facilement rempla\u00e7ables facilitent le nettoyage. Adaptation facile aux casques. Capsule en couleur de signal avec une tr\u00e8s forte att\u00e9nuation. Pour les a\u00e9roports, l\u2019industrie sid\u00e9rurgique, l\u2019exploitation mini\u00e8re, etc. Valeur SNR 28 dB. Poids 295 g.         <\/p>\n","protected":false},"excerpt":{"rendered":"<p>Protection auditive Peltor avec sangle enfichable, par exemple pour les casques Peltor G22d ou Schuberth Profi Plus (P3e). Fixation par<\/p>\n","protected":false},"featured_media":87720,"template":"","meta":{"_seopress_robots_primary_cat":"","_seopress_titles_title":"","_seopress_titles_desc":"","_seopress_robots_index":""},"product_brand":[4399],"product_cat":[33,537,815,816],"product_tag":[],"class_list":{"0":"post-506640","1":"product","2":"type-product","3":"status-publish","4":"has-post-thumbnail","6":"product_brand-peltor-3m","7":"product_cat-attrezzature","8":"product_cat-attrezzatura-da-lavoro","9":"product_cat-caschi","10":"product_cat-visiere-e-occhiali-protettivi","11":"sws-gruppo-abb-libero","12":"sws-categoria-sito","13":"sws-conto-ricavi-merci-rivendita-abbigliamento","14":"sws-gruppo-iva-iva81","16":"first","17":"instock","18":"shipping-taxable","19":"purchasable","20":"product-type-simple"},"_links":{"self":[{"href":"https:\/\/lucacastelli.com\/fr\/wp-json\/wp\/v2\/product\/506640","targetHints":{"allow":["GET"]}}],"collection":[{"href":"https:\/\/lucacastelli.com\/fr\/wp-json\/wp\/v2\/product"}],"about":[{"href":"https:\/\/lucacastelli.com\/fr\/wp-json\/wp\/v2\/types\/product"}],"wp:featuredmedia":[{"embeddable":true,"href":"https:\/\/lucacastelli.com\/fr\/wp-json\/wp\/v2\/media\/87720"}],"wp:attachment":[{"href":"https:\/\/lucacastelli.com\/fr\/wp-json\/wp\/v2\/media?parent=506640"}],"wp:term":[{"taxonomy":"product_brand","embeddable":true,"href":"https:\/\/lucacastelli.com\/fr\/wp-json\/wp\/v2\/product_brand?post=506640"},{"taxonomy":"product_cat","embeddable":true,"href":"https:\/\/lucacastelli.com\/fr\/wp-json\/wp\/v2\/product_cat?post=506640"},{"taxonomy":"product_tag","embeddable":true,"href":"https:\/\/lucacastelli.com\/fr\/wp-json\/wp\/v2\/product_tag?post=506640"}],"curies":[{"name":"wp","href":"https:\/\/api.w.org\/{rel}","templated":true}]}}