{"id":506629,"date":"2025-02-20T13:53:30","date_gmt":"2025-02-20T12:53:30","guid":{"rendered":"https:\/\/lucacastelli.com\/prodotto\/protection-auditive-peltor-litecom-plus-avec-fixation-pour-casque\/"},"modified":"2026-04-17T23:25:32","modified_gmt":"2026-04-17T21:25:32","slug":"protection-auditive-peltor-litecom-plus-avec-fixation-pour-casque","status":"publish","type":"product","link":"https:\/\/lucacastelli.com\/fr\/produit\/protection-auditive-peltor-litecom-plus-avec-fixation-pour-casque\/","title":{"rendered":"Peltor Protection auditive LiteCom Plus avec fixation pour casque"},"content":{"rendered":"<p>Avec la protection auditive Peltor LiteCom Plus avec fixation pour casque, vous choisissez une protection auditive \u00e0 coquilles avec syst\u00e8me radio bidirectionnel int\u00e9gr\u00e9. Ainsi, vous prot\u00e9gez non seulement votre ou\u00efe contre les bruits nocifs, mais vous maintenez \u00e9galement la communication avec vos coll\u00e8gues dans des environnements bruyants. Le Peltor LiteCom Plus permet une port\u00e9e maximale de 2 km sur la bande de fr\u00e9quence PMR 446 sans licence. Il peut donc \u00eatre connect\u00e9 \u00e0 des syst\u00e8mes radio PMR similaires, afin de pouvoir rester en contact avec l&#8217;op\u00e9rateur de la machine pendant le travail avec la tron\u00e7onneuse. Deux microphones externes permettent d&#8217;\u00e9couter les bruits ambiants importants et de communiquer plus facilement avec les coll\u00e8gues. Gr\u00e2ce \u00e0 la commande vocale VOX (Voice Operated Exchange), vous pouvez communiquer confortablement sans devoir appuyer sur aucun bouton, afin d&#8217;avoir les mains libres pour travailler. Le microphone \u00e9tanche r\u00e9duit efficacement le bruit ambiant pour garantir une communication claire. Le Peltor LiteCom Plus peut \u00eatre fix\u00e9 \u00e0 tous les casques Peltor courants avec fixation de 30 mm.       <\/p>\n<ul>\n<li>Protection auditive selon la norme EN 352 avec radio bidirectionnelle int\u00e9gr\u00e9e<\/li>\n<li>Transmission sur bande de fr\u00e9quence PMR 446 avec port\u00e9e jusqu&#8217;\u00e0 2 km<\/li>\n<li>16 canaux et 121 sous-canaux<\/li>\n<li>Microphones externes pour amplifier les bruits ambiants importants<\/li>\n<li>Connexion d&#8217;un appareil externe par c\u00e2ble<\/li>\n<li>Commande vocale VOX<\/li>\n<li>Menu utilisateur en allemand<\/li>\n<li>microphone \u00e9tanche avec suppression du bruit<\/li>\n<li>touches de commande grandes et intuitives<\/li>\n<li>adapt\u00e9 \u00e0 tous les casques Peltor courants<\/li>\n<li>Valeur SNR 31 dB<\/li>\n<li>autonomie de la batterie jusqu&#8217;\u00e0 20 heures, temps de charge environ 4 heures<\/li>\n<li>Poids (batterie comprise) env. 470 g<\/li>\n<\/ul>\n<p>La livraison comprend un kit hygi\u00e9nique et 1 m de protection pour microphone, ainsi qu&#8217;une batterie lithium-ion (1800 mAh\/3,7 V\/6,7 Wh) avec c\u00e2ble de charge et adaptateur secteur.<\/p>\n","protected":false},"excerpt":{"rendered":"<p>Avec la protection auditive Peltor LiteCom Plus avec fixation pour casque, vous choisissez une protection auditive \u00e0 coquilles avec syst\u00e8me<\/p>\n","protected":false},"featured_media":92697,"template":"","meta":{"_seopress_robots_primary_cat":"none","_seopress_titles_title":"","_seopress_titles_desc":"","_seopress_robots_index":""},"product_brand":[4724],"product_cat":[1405,144,1397,1402],"product_tag":[],"class_list":{"0":"post-506629","1":"product","2":"type-product","3":"status-publish","4":"has-post-thumbnail","6":"product_brand-peltor-3m-fr","7":"product_cat-casques","8":"product_cat-equipement","9":"product_cat-equipement-de-travail","10":"product_cat-harnais-et-equipements-de-securite","11":"sws-gruppo-abb-libero-fr","12":"sws-categoria-sito-fr","13":"sws-conto-ricavi-merci-rivendita-abbigliamento-fr","14":"sws-gruppo-iva-iva81-fr","16":"first","17":"instock","18":"sale","19":"shipping-taxable","20":"purchasable","21":"product-type-simple"},"_links":{"self":[{"href":"https:\/\/lucacastelli.com\/fr\/wp-json\/wp\/v2\/product\/506629","targetHints":{"allow":["GET"]}}],"collection":[{"href":"https:\/\/lucacastelli.com\/fr\/wp-json\/wp\/v2\/product"}],"about":[{"href":"https:\/\/lucacastelli.com\/fr\/wp-json\/wp\/v2\/types\/product"}],"wp:featuredmedia":[{"embeddable":true,"href":"https:\/\/lucacastelli.com\/fr\/wp-json\/wp\/v2\/media\/92697"}],"wp:attachment":[{"href":"https:\/\/lucacastelli.com\/fr\/wp-json\/wp\/v2\/media?parent=506629"}],"wp:term":[{"taxonomy":"product_brand","embeddable":true,"href":"https:\/\/lucacastelli.com\/fr\/wp-json\/wp\/v2\/product_brand?post=506629"},{"taxonomy":"product_cat","embeddable":true,"href":"https:\/\/lucacastelli.com\/fr\/wp-json\/wp\/v2\/product_cat?post=506629"},{"taxonomy":"product_tag","embeddable":true,"href":"https:\/\/lucacastelli.com\/fr\/wp-json\/wp\/v2\/product_tag?post=506629"}],"curies":[{"name":"wp","href":"https:\/\/api.w.org\/{rel}","templated":true}]}}