{"id":506569,"date":"2024-02-28T10:01:34","date_gmt":"2024-02-28T09:01:34","guid":{"rendered":"https:\/\/lucacastelli.com\/prodotto\/chaussure-rush-2-mid-gtx\/"},"modified":"2024-02-28T10:01:34","modified_gmt":"2024-02-28T09:01:34","slug":"chaussure-rush-2-mid-gtx","status":"publish","type":"product","link":"https:\/\/lucacastelli.com\/fr\/produit\/chaussure-rush-2-mid-gtx\/","title":{"rendered":"Chaussure Rush 2 Mid Gtx"},"content":{"rendered":"<p>La version mi-haute de la chaussure de randonn\u00e9e rapide RUSH 2 GTX, destin\u00e9e \u00e0 ceux qui s\u2019approchent de la montagne \u00e0 un rythme plus rapide, offre un \u00e9quilibre entre agilit\u00e9, confort et soutien. Le confort et l\u2019amorti sont garantis par la technologie IKS, qui soutient progressivement et sp\u00e9cifiquement le poids du corps pendant l\u2019activit\u00e9. Le nouveau syst\u00e8me anti-torsion am\u00e9liore la stabilit\u00e9, tandis que la membrane Gore-Tex garantit une protection imperm\u00e9able.  <\/p>\n<p>POIDS : 415 g &#8211; Taille 42<\/p>\n<p>TIGE<br \/>\nLe tissu est doux pour assurer un ajustement confortable, mais en m\u00eame temps protecteur gr\u00e2ce \u00e0 l\u2019embout 3D int\u00e9gr\u00e9. Le col de cheville augmente la stabilit\u00e9 lors de la marche.<br \/>\nLA\u00c7AGE<br \/>\nSyst\u00e8me de boucles de corde l\u00e9g\u00e8res qui r\u00e9partit uniform\u00e9ment la pression. La tige se fixe facilement, \u00e9vitant les points de pression.<br \/>\nGORE-TEX Invisible Fit DOUBLURE<br \/>\npour une chaussure imperm\u00e9able sans compromettre l\u2019ajustement, la flexibilit\u00e9 et le poids. Coll\u00e9e directement \u00e0 la tige, la construction l\u00e9g\u00e8re est con\u00e7ue pour \u00eatre invisible, cr\u00e9ant une sensation de confort similaire \u00e0 une maille.<br \/>\nHIK-03 Grip\u00ae est<br \/>\ncon\u00e7u et fabriqu\u00e9 par SCARPA avec la technologie IKS (Interactive Kinetic System) caract\u00e9ris\u00e9e par 7 zones d\u2019amorti (d\u00f4mes) : 6 \u00e0 l\u2019avant-pied et 1 au talon. Les 7 d\u00f4mes offrent un excellent amorti et un soutien progressif du poids du corps. La semelle intercalaire en EVA \u00e0 densit\u00e9 bizone absorbe les chocs.     <\/p>\n","protected":false},"excerpt":{"rendered":"<p>La version mi-haute de la chaussure de randonn\u00e9e rapide RUSH 2 GTX, destin\u00e9e \u00e0 ceux qui s\u2019approchent de la montagne<\/p>\n","protected":false},"featured_media":100973,"template":"","meta":{"_seopress_robots_primary_cat":"","_seopress_titles_title":"","_seopress_titles_desc":"","_seopress_robots_index":""},"product_brand":[4719],"product_cat":[173,1420,1432],"product_tag":[],"class_list":{"0":"post-506569","1":"product","2":"type-product","3":"status-publish","4":"has-post-thumbnail","6":"product_brand-scarpa-fr","7":"product_cat-chaussures","8":"product_cat-chaussures-de-loisirs","9":"product_cat-chaussures-pour-hommes","10":"sws-gruppo-no-gruppo-fr","11":"sws-categoria-sito-fr","12":"sws-gruppo-iva-iva81-fr","14":"first","15":"instock","16":"shipping-taxable","17":"purchasable","18":"product-type-variable"},"_links":{"self":[{"href":"https:\/\/lucacastelli.com\/fr\/wp-json\/wp\/v2\/product\/506569","targetHints":{"allow":["GET"]}}],"collection":[{"href":"https:\/\/lucacastelli.com\/fr\/wp-json\/wp\/v2\/product"}],"about":[{"href":"https:\/\/lucacastelli.com\/fr\/wp-json\/wp\/v2\/types\/product"}],"wp:featuredmedia":[{"embeddable":true,"href":"https:\/\/lucacastelli.com\/fr\/wp-json\/wp\/v2\/media\/100973"}],"wp:attachment":[{"href":"https:\/\/lucacastelli.com\/fr\/wp-json\/wp\/v2\/media?parent=506569"}],"wp:term":[{"taxonomy":"product_brand","embeddable":true,"href":"https:\/\/lucacastelli.com\/fr\/wp-json\/wp\/v2\/product_brand?post=506569"},{"taxonomy":"product_cat","embeddable":true,"href":"https:\/\/lucacastelli.com\/fr\/wp-json\/wp\/v2\/product_cat?post=506569"},{"taxonomy":"product_tag","embeddable":true,"href":"https:\/\/lucacastelli.com\/fr\/wp-json\/wp\/v2\/product_tag?post=506569"}],"curies":[{"name":"wp","href":"https:\/\/api.w.org\/{rel}","templated":true}]}}