{"id":506551,"date":"2023-02-06T12:07:50","date_gmt":"2023-02-06T11:07:50","guid":{"rendered":"https:\/\/lucacastelli.com\/prodotto\/scarpa-mojito-mid-gtx\/"},"modified":"2023-02-06T12:07:50","modified_gmt":"2023-02-06T11:07:50","slug":"scarpa-mojito-mid-gtx","status":"publish","type":"product","link":"https:\/\/lucacastelli.com\/fr\/produit\/scarpa-mojito-mid-gtx\/","title":{"rendered":"SCARPA Mojito Mid GTX"},"content":{"rendered":"<p>Loisir, sport, voyage, Imperm\u00e9able<\/p>\n<p>En plus de la coupe mi-haute de ce Mojito embl\u00e9matique, une doublure avec une membrane GORE-TEX a \u00e9t\u00e9 ajout\u00e9e qui garantit l\u2019imperm\u00e9abilit\u00e9 m\u00eame les jours de pluie et une semelle monochrome. Fabriqu\u00e9 en cuir de veau velours, au toucher doux et \u00e9critoire, il convient \u00e0 tous les itin\u00e9raires urbains que vous souhaitez emprunter. <\/p>\n<p>FONCTIONNALIT\u00c9S<\/p>\n<p>TIGE<br \/>\nFabriqu\u00e9 en daim hydrofuge avec embout de protection en caoutchouc.<\/p>\n<p>La\u00e7age<br \/>\n\u00e9tendu jusqu\u2019\u00e0 la pointe de la d\u00e9riv\u00e9e d\u2019escalade, pour une personnalisation maximale et un confort d\u2019ajustement, maintenu par des trous et des \u0153illets.<\/p>\n<p>DOUBLURE GORE-TEX<br \/>\nExtended Comfort pour une imperm\u00e9abilit\u00e9 et une respirabilit\u00e9 maximales.<\/p>\n<p>SEMELLE SP\u00c9LI\u00c8RE Spyder avec semelle<br \/>\ninterm\u00e9diaire en EVA pour un confort maximal et une absorption des chocs, bande de roulement avec protections lat\u00e9rales en caoutchouc Vibram\u00ae.<\/p>\n","protected":false},"excerpt":{"rendered":"<p>Loisir, sport, voyage, Imperm\u00e9able En plus de la coupe mi-haute de ce Mojito embl\u00e9matique, une doublure avec une membrane GORE-TEX<\/p>\n","protected":false},"featured_media":85873,"template":"","meta":{"_seopress_robots_primary_cat":"","_seopress_titles_title":"","_seopress_titles_desc":"","_seopress_robots_index":""},"product_brand":[4719],"product_cat":[173,1420,1432],"product_tag":[],"class_list":{"0":"post-506551","1":"product","2":"type-product","3":"status-publish","4":"has-post-thumbnail","6":"product_brand-scarpa-fr","7":"product_cat-chaussures","8":"product_cat-chaussures-de-loisirs","9":"product_cat-chaussures-pour-hommes","11":"first","12":"instock","13":"shipping-taxable","14":"purchasable","15":"product-type-variable"},"_links":{"self":[{"href":"https:\/\/lucacastelli.com\/fr\/wp-json\/wp\/v2\/product\/506551","targetHints":{"allow":["GET"]}}],"collection":[{"href":"https:\/\/lucacastelli.com\/fr\/wp-json\/wp\/v2\/product"}],"about":[{"href":"https:\/\/lucacastelli.com\/fr\/wp-json\/wp\/v2\/types\/product"}],"wp:featuredmedia":[{"embeddable":true,"href":"https:\/\/lucacastelli.com\/fr\/wp-json\/wp\/v2\/media\/85873"}],"wp:attachment":[{"href":"https:\/\/lucacastelli.com\/fr\/wp-json\/wp\/v2\/media?parent=506551"}],"wp:term":[{"taxonomy":"product_brand","embeddable":true,"href":"https:\/\/lucacastelli.com\/fr\/wp-json\/wp\/v2\/product_brand?post=506551"},{"taxonomy":"product_cat","embeddable":true,"href":"https:\/\/lucacastelli.com\/fr\/wp-json\/wp\/v2\/product_cat?post=506551"},{"taxonomy":"product_tag","embeddable":true,"href":"https:\/\/lucacastelli.com\/fr\/wp-json\/wp\/v2\/product_tag?post=506551"}],"curies":[{"name":"wp","href":"https:\/\/api.w.org\/{rel}","templated":true}]}}