{"id":506521,"date":"2023-01-23T13:21:50","date_gmt":"2023-01-23T12:21:50","guid":{"rendered":"https:\/\/lucacastelli.com\/prodotto\/scarpa-golden-gate-atr-kid-gtx\/"},"modified":"2026-04-14T03:29:26","modified_gmt":"2026-04-14T01:29:26","slug":"scarpa-golden-gate-atr-kid-gtx","status":"publish","type":"product","link":"https:\/\/lucacastelli.com\/fr\/produit\/scarpa-golden-gate-atr-kid-gtx\/","title":{"rendered":"SCARPA Golden Gate Atr Kid GTX"},"content":{"rendered":"<p>GOLDEN GATE ATR GTX est la chaussure d\u00e9di\u00e9e aux terrains off-road mixtes, y compris les tron\u00e7ons asphalt\u00e9s, de moyenne\/longue distance, maintenant cette m\u00eame chaussure est \u00e9galement propos\u00e9e pour nos enfants !<\/p>\n<p>La membrane Goretex assure l&#8217;imperm\u00e9abilit\u00e9 et la semelle une excellente adh\u00e9rence sur tous les terrains !<\/p>\n","protected":false},"excerpt":{"rendered":"<p>GOLDEN GATE ATR GTX est la chaussure d\u00e9di\u00e9e aux terrains off-road mixtes, y compris les tron\u00e7ons asphalt\u00e9s, de moyenne\/longue distance,<\/p>\n","protected":false},"featured_media":85541,"template":"","meta":{"_seopress_robots_primary_cat":"none","_seopress_titles_title":"","_seopress_titles_desc":"","_seopress_robots_index":""},"product_brand":[4719],"product_cat":[173,1420,1426],"product_tag":[],"class_list":{"0":"post-506521","1":"product","2":"type-product","3":"status-publish","4":"has-post-thumbnail","6":"product_brand-scarpa-fr","7":"product_cat-chaussures","8":"product_cat-chaussures-de-loisirs","9":"product_cat-chaussures-pour-enfants","11":"first","12":"instock","13":"shipping-taxable","14":"purchasable","15":"product-type-variable"},"_links":{"self":[{"href":"https:\/\/lucacastelli.com\/fr\/wp-json\/wp\/v2\/product\/506521","targetHints":{"allow":["GET"]}}],"collection":[{"href":"https:\/\/lucacastelli.com\/fr\/wp-json\/wp\/v2\/product"}],"about":[{"href":"https:\/\/lucacastelli.com\/fr\/wp-json\/wp\/v2\/types\/product"}],"wp:featuredmedia":[{"embeddable":true,"href":"https:\/\/lucacastelli.com\/fr\/wp-json\/wp\/v2\/media\/85541"}],"wp:attachment":[{"href":"https:\/\/lucacastelli.com\/fr\/wp-json\/wp\/v2\/media?parent=506521"}],"wp:term":[{"taxonomy":"product_brand","embeddable":true,"href":"https:\/\/lucacastelli.com\/fr\/wp-json\/wp\/v2\/product_brand?post=506521"},{"taxonomy":"product_cat","embeddable":true,"href":"https:\/\/lucacastelli.com\/fr\/wp-json\/wp\/v2\/product_cat?post=506521"},{"taxonomy":"product_tag","embeddable":true,"href":"https:\/\/lucacastelli.com\/fr\/wp-json\/wp\/v2\/product_tag?post=506521"}],"curies":[{"name":"wp","href":"https:\/\/api.w.org\/{rel}","templated":true}]}}