{"id":506479,"date":"2022-08-03T10:18:14","date_gmt":"2022-08-03T08:18:14","guid":{"rendered":"https:\/\/lucacastelli.com\/prodotto\/scarpa-rush-mid-enfant-gtx\/"},"modified":"2026-04-14T03:29:05","modified_gmt":"2026-04-14T01:29:05","slug":"scarpa-rush-mid-enfant-gtx","status":"publish","type":"product","link":"https:\/\/lucacastelli.com\/fr\/produit\/scarpa-rush-mid-enfant-gtx\/","title":{"rendered":"SCARPA Rush Mid Kid GTX"},"content":{"rendered":"<p>Une chaussure outdoor pour enfant, mi-haute, de trekking, tr\u00e8s l\u00e9g\u00e8re, en tissu technique et r\u00e9sistant. Utilisable en toutes conditions ; avec semelle en caoutchouc antid\u00e9rapante adapt\u00e9e \u00e0 tous les types de terrain. <\/p>\n<p>TIGE<br \/>\nEn mesh, avec cage externe en film thermosoud\u00e9 de soutien, par SCARPA. La tige comprend un embout de protection contre les chocs interne. Col Autofit 3D pour envelopper la cheville, en accompagnant son mouvement.  <\/p>\n<p>LA\u00c7AGE<br \/>\nReli\u00e9 \u00e0 un syst\u00e8me de sangles qui r\u00e9partit uniform\u00e9ment la pression et permet de r\u00e9gler les volumes, am\u00e9liorant l\u2019enveloppement du pied par la tige.<\/p>\n<p>DOUBLURE<br \/>\nGORE-TEX Extended Comfort pour une imperm\u00e9abilit\u00e9 et une respirabilit\u00e9 maximales.<\/p>\n<p>SEMELLE<br \/>\nPRESA\u00ae KID-01 \u00c9tudi\u00e9e et r\u00e9alis\u00e9e avec la technologie IKS (Interactive Kinetik System) qui r\u00e9invente les principes de confort et d\u2019amorti.<\/p>\n","protected":false},"excerpt":{"rendered":"<p>Une chaussure outdoor pour enfant, mi-haute, de trekking, tr\u00e8s l\u00e9g\u00e8re, en tissu technique et r\u00e9sistant. Utilisable en toutes conditions ;<\/p>\n","protected":false},"featured_media":78985,"template":"","meta":{"_seopress_robots_primary_cat":"none","_seopress_titles_title":"","_seopress_titles_desc":"","_seopress_robots_index":""},"product_brand":[4382],"product_cat":[28,568,644],"product_tag":[],"class_list":{"0":"post-506479","1":"product","2":"type-product","3":"status-publish","4":"has-post-thumbnail","6":"product_brand-scarpa","7":"product_cat-calzature","8":"product_cat-calzature-per-il-tempo-libero","9":"product_cat-calzature-da-bambino","11":"first","12":"instock","13":"shipping-taxable","14":"purchasable","15":"product-type-variable"},"_links":{"self":[{"href":"https:\/\/lucacastelli.com\/fr\/wp-json\/wp\/v2\/product\/506479","targetHints":{"allow":["GET"]}}],"collection":[{"href":"https:\/\/lucacastelli.com\/fr\/wp-json\/wp\/v2\/product"}],"about":[{"href":"https:\/\/lucacastelli.com\/fr\/wp-json\/wp\/v2\/types\/product"}],"wp:featuredmedia":[{"embeddable":true,"href":"https:\/\/lucacastelli.com\/fr\/wp-json\/wp\/v2\/media\/78985"}],"wp:attachment":[{"href":"https:\/\/lucacastelli.com\/fr\/wp-json\/wp\/v2\/media?parent=506479"}],"wp:term":[{"taxonomy":"product_brand","embeddable":true,"href":"https:\/\/lucacastelli.com\/fr\/wp-json\/wp\/v2\/product_brand?post=506479"},{"taxonomy":"product_cat","embeddable":true,"href":"https:\/\/lucacastelli.com\/fr\/wp-json\/wp\/v2\/product_cat?post=506479"},{"taxonomy":"product_tag","embeddable":true,"href":"https:\/\/lucacastelli.com\/fr\/wp-json\/wp\/v2\/product_tag?post=506479"}],"curies":[{"name":"wp","href":"https:\/\/api.w.org\/{rel}","templated":true}]}}