{"id":506478,"date":"2022-09-13T11:21:16","date_gmt":"2022-09-13T09:21:16","guid":{"rendered":"https:\/\/lucacastelli.com\/prodotto\/scarpa-mescalito-mid-gtx-femme\/"},"modified":"2026-04-14T03:32:25","modified_gmt":"2026-04-14T01:32:25","slug":"scarpa-mescalito-mid-gtx-femme","status":"publish","type":"product","link":"https:\/\/lucacastelli.com\/fr\/produit\/scarpa-mescalito-mid-gtx-femme\/","title":{"rendered":"SCARPA Mescalito Mid GTX Woman"},"content":{"rendered":"<p>Approche technique, randonn\u00e9es sur terrains mouill\u00e9s<\/p>\n<p>Chaussure technique d&#8217;approche, id\u00e9ale pour l&#8217;approche classique en montagne ou pour les sentiers mouill\u00e9s. Chaussure r\u00e9sistante et polyvalente, tige mid pour prot\u00e9ger la cheville et offrir une plus grande libert\u00e9 de mouvement. <\/p>\n<p>CARACT\u00c9RISTIQUES<\/p>\n<p>TIGE<br \/>\nTige en cuir su\u00e9d\u00e9 r\u00e9sistant \u00e0 l&#8217;eau avec languette et col en tissu \u00e9lastique pour un meilleur confort. Bout renforc\u00e9 l\u00e9ger en PU Tech et pointe asym\u00e9trique avec large protection en caoutchouc. <\/p>\n<p>LA\u00c7AGE<br \/>\nLa\u00e7age \u00e9tendu jusqu&#8217;\u00e0 la pointe, issu du monde de l&#8217;escalade, pour une personnalisation maximale et un ajustement confortable.<\/p>\n<p>DOUBLURE<br \/>\nMembrane GORE-TEX Extended Comfort pour une respirabilit\u00e9 et une imperm\u00e9abilit\u00e9 maximales.<\/p>\n<p>SEMELLE<br \/>\nSemelle interm\u00e9diaire bi-densit\u00e9 en EVA, avec insert ergonomique en TPU anti-torsion pour la stabilit\u00e9.<\/p>\n<p>SEMELLE<br \/>\nSemelle Dynamis LB avec technologie Vibram\u00ae Lite Base et semelle en gomme adh\u00e9rente Vibram\u00ae Megagrip.<\/p>\n<p>MEMBRANE<br \/>\nMembrane GORE-TEX Extended Comfort pour une imperm\u00e9abilit\u00e9 accrue.<\/p>\n","protected":false},"excerpt":{"rendered":"<p>Approche technique, randonn\u00e9es sur terrains mouill\u00e9s Chaussure technique d&#8217;approche, id\u00e9ale pour l&#8217;approche classique en montagne ou pour les sentiers mouill\u00e9s.<\/p>\n","protected":false},"featured_media":81450,"template":"","meta":{"_seopress_robots_primary_cat":"","_seopress_titles_title":"","_seopress_titles_desc":"","_seopress_robots_index":""},"product_brand":[4719],"product_cat":[173,1420,1429],"product_tag":[],"class_list":{"0":"post-506478","1":"product","2":"type-product","3":"status-publish","4":"has-post-thumbnail","6":"product_brand-scarpa-fr","7":"product_cat-chaussures","8":"product_cat-chaussures-de-loisirs","9":"product_cat-chaussures-pour-femmes","11":"first","12":"instock","13":"shipping-taxable","14":"purchasable","15":"product-type-variable"},"_links":{"self":[{"href":"https:\/\/lucacastelli.com\/fr\/wp-json\/wp\/v2\/product\/506478","targetHints":{"allow":["GET"]}}],"collection":[{"href":"https:\/\/lucacastelli.com\/fr\/wp-json\/wp\/v2\/product"}],"about":[{"href":"https:\/\/lucacastelli.com\/fr\/wp-json\/wp\/v2\/types\/product"}],"wp:featuredmedia":[{"embeddable":true,"href":"https:\/\/lucacastelli.com\/fr\/wp-json\/wp\/v2\/media\/81450"}],"wp:attachment":[{"href":"https:\/\/lucacastelli.com\/fr\/wp-json\/wp\/v2\/media?parent=506478"}],"wp:term":[{"taxonomy":"product_brand","embeddable":true,"href":"https:\/\/lucacastelli.com\/fr\/wp-json\/wp\/v2\/product_brand?post=506478"},{"taxonomy":"product_cat","embeddable":true,"href":"https:\/\/lucacastelli.com\/fr\/wp-json\/wp\/v2\/product_cat?post=506478"},{"taxonomy":"product_tag","embeddable":true,"href":"https:\/\/lucacastelli.com\/fr\/wp-json\/wp\/v2\/product_tag?post=506478"}],"curies":[{"name":"wp","href":"https:\/\/api.w.org\/{rel}","templated":true}]}}