{"id":506415,"date":"2022-06-22T13:44:08","date_gmt":"2022-06-22T11:44:08","guid":{"rendered":"https:\/\/lucacastelli.com\/prodotto\/chaussure-mojito-enfant\/"},"modified":"2026-04-14T03:28:50","modified_gmt":"2026-04-14T01:28:50","slug":"chaussure-mojito-enfant","status":"publish","type":"product","link":"https:\/\/lucacastelli.com\/fr\/produit\/chaussure-mojito-enfant\/","title":{"rendered":"SCARPA Mojito Kid"},"content":{"rendered":"<p>MOJITO KID est la chaussure polyvalente pour les loisirs, le sport, les voyages et l\u2019usage quotidien des nouvelles g\u00e9n\u00e9rations.<\/p>\n<p>TIGE<br \/>\nR\u00e9alis\u00e9e en cuir su\u00e9d\u00e9 avec un pare-pierres en caoutchouc pour la protection.<\/p>\n<p>LA\u00c7AGE<br \/>\nExtended Lacing \u00e9tendu jusqu\u2019aux orteils, issu du monde de l\u2019escalade, pour une personnalisation maximale et un confort de chaussant.<\/p>\n<p>SEMELLE<br \/>\nSpyder Kid avec semelle interm\u00e9diaire et semelle d\u2019usure en caoutchouc Vibram\u00ae.<\/p>\n","protected":false},"excerpt":{"rendered":"<p>MOJITO KID est la chaussure polyvalente pour les loisirs, le sport, les voyages et l\u2019usage quotidien des nouvelles g\u00e9n\u00e9rations. TIGE<\/p>\n","protected":false},"featured_media":71409,"template":"","meta":{"_seopress_robots_primary_cat":"none","_seopress_titles_title":"","_seopress_titles_desc":"","_seopress_robots_index":""},"product_brand":[4719],"product_cat":[173,1420,1426],"product_tag":[],"class_list":{"0":"post-506415","1":"product","2":"type-product","3":"status-publish","4":"has-post-thumbnail","6":"product_brand-scarpa-fr","7":"product_cat-chaussures","8":"product_cat-chaussures-de-loisirs","9":"product_cat-chaussures-pour-enfants","10":"sws-gruppo-abb-libero-fr","11":"sws-conto-ricavi-merci-rivendita-abbigliamento-fr","12":"sws-gruppo-iva-iva81-fr","14":"first","15":"instock","16":"shipping-taxable","17":"purchasable","18":"product-type-variable"},"_links":{"self":[{"href":"https:\/\/lucacastelli.com\/fr\/wp-json\/wp\/v2\/product\/506415","targetHints":{"allow":["GET"]}}],"collection":[{"href":"https:\/\/lucacastelli.com\/fr\/wp-json\/wp\/v2\/product"}],"about":[{"href":"https:\/\/lucacastelli.com\/fr\/wp-json\/wp\/v2\/types\/product"}],"wp:featuredmedia":[{"embeddable":true,"href":"https:\/\/lucacastelli.com\/fr\/wp-json\/wp\/v2\/media\/71409"}],"wp:attachment":[{"href":"https:\/\/lucacastelli.com\/fr\/wp-json\/wp\/v2\/media?parent=506415"}],"wp:term":[{"taxonomy":"product_brand","embeddable":true,"href":"https:\/\/lucacastelli.com\/fr\/wp-json\/wp\/v2\/product_brand?post=506415"},{"taxonomy":"product_cat","embeddable":true,"href":"https:\/\/lucacastelli.com\/fr\/wp-json\/wp\/v2\/product_cat?post=506415"},{"taxonomy":"product_tag","embeddable":true,"href":"https:\/\/lucacastelli.com\/fr\/wp-json\/wp\/v2\/product_tag?post=506415"}],"curies":[{"name":"wp","href":"https:\/\/api.w.org\/{rel}","templated":true}]}}