{"id":506112,"date":"2024-03-04T09:50:19","date_gmt":"2024-03-04T08:50:19","guid":{"rendered":"https:\/\/lucacastelli.com\/prodotto\/sip-protection-w-air-arbeitsjacke\/"},"modified":"2024-03-04T09:50:19","modified_gmt":"2024-03-04T08:50:19","slug":"sip-protection-w-air-arbeitsjacke","status":"publish","type":"product","link":"https:\/\/lucacastelli.com\/fr\/produit\/sip-protection-w-air-arbeitsjacke\/","title":{"rendered":"SIP PROTECTION W-AIR Arbeitsjacke"},"content":{"rendered":"<p>L\u00e9g\u00e8re, tr\u00e8s ventil\u00e9e et tr\u00e8s robuste, cette veste de travail a \u00e9t\u00e9 d\u00e9velopp\u00e9e avec la m\u00eame mentalit\u00e9 que les pantalons W-AIR de la gamme Innovation. Gr\u00e2ce \u00e0 la combinaison du tissu Pezatec HV hi-vis yellow et du tissu Pezatec red (Cordura\u00ae), vous serez certainement visible, ce qui augmente consid\u00e9rablement la s\u00e9curit\u00e9. Les \u00e9paules imperm\u00e9ables Tektor avec retour sur le col assurent \u00e0 cette veste une longue dur\u00e9e, tout en offrant un maximum de confort !  <\/p>\n<p>Ext\u00e9rieur<br \/>\nFermeture zipp\u00e9e sur le devant sous rabat<br \/>\nCol droit<br \/>\nDos allong\u00e9 Queue allong\u00e9e, taille \u00e9lastiqu\u00e9e<br \/>\nR\u00e9tr\u00e9cissement des manches avec fermeture auto-agrippante<br \/>\n1 poche verticale avec fermeture zipp\u00e9e sur la poitrine, 1 poche plaqu\u00e9e pour smartphone avec fermeture \u00e9clair sur le bras gauche, 2 poches int\u00e9rieures<br \/>\nA\u00e9ration sous les bras<br \/>\nInt\u00e9rieur<br \/>\nSio-Cool\u00ae Poignets confortables l\u00e9gers dans les manches (100&nbsp;% polyester \u00b1 120 g\/m\u00b2)<br \/>\n1 poche plaqu\u00e9e de premiers secours avec fermeture \u00e9clair sur le c\u00f4t\u00e9 gauche<\/p>\n<p>Renforts<br \/>\nTektor imperm\u00e9ables (68&nbsp;% polyester &#8211; 32&nbsp;% polyamide avec rev\u00eatement polyur\u00e9thane \u00b1345g\/m2)<br \/>\nTissu ext\u00e9rieur Pezatec HV (100&nbsp;% polyester \u00b1185g\/m2) avec finition t\u00e9flon\u2122 haute performance hydrofuge et anti-salissures Tissu ext\u00e9rieur haute performance Pezatec hydrofuge<br \/>\net anti-salissures avec finition t\u00e9flon\u2122 (100&nbsp;% polyamide Cordura\u00ae haute t\u00e9nacit\u00e9 \u00b1 155g\/m2)<br \/>\nInserts hydrofuges et anti-salissures T\u00e9flon\u2122 Pezaflex (94&nbsp;% polyamide Cordura\u00ae haute t\u00e9nacit\u00e9 &#8211; 6&nbsp;% \u00e9lasthanne ; \u00b1200 g\/m\u00b2)<\/p>\n","protected":false},"excerpt":{"rendered":"<p>L\u00e9g\u00e8re, tr\u00e8s ventil\u00e9e et tr\u00e8s robuste, cette veste de travail a \u00e9t\u00e9 d\u00e9velopp\u00e9e avec la m\u00eame mentalit\u00e9 que les pantalons<\/p>\n","protected":false},"featured_media":48969,"template":"","meta":{"_seopress_robots_primary_cat":"","_seopress_titles_title":"","_seopress_titles_desc":"","_seopress_robots_index":""},"product_brand":[4716],"product_cat":[81,1381],"product_tag":[],"class_list":{"0":"post-506112","1":"product","2":"type-product","3":"status-publish","4":"has-post-thumbnail","6":"product_brand-sip-protection-fr","7":"product_cat-vetements","8":"product_cat-vetements-de-travail","9":"sws-gruppo-abb-libero-fr","10":"sws-categoria-sito-fr","11":"sws-conto-ricavi-merci-rivendita-abbigliamento-fr","12":"sws-gruppo-iva-iva81-fr","14":"first","15":"instock","16":"shipping-taxable","17":"purchasable","18":"product-type-variable"},"_links":{"self":[{"href":"https:\/\/lucacastelli.com\/fr\/wp-json\/wp\/v2\/product\/506112","targetHints":{"allow":["GET"]}}],"collection":[{"href":"https:\/\/lucacastelli.com\/fr\/wp-json\/wp\/v2\/product"}],"about":[{"href":"https:\/\/lucacastelli.com\/fr\/wp-json\/wp\/v2\/types\/product"}],"wp:featuredmedia":[{"embeddable":true,"href":"https:\/\/lucacastelli.com\/fr\/wp-json\/wp\/v2\/media\/48969"}],"wp:attachment":[{"href":"https:\/\/lucacastelli.com\/fr\/wp-json\/wp\/v2\/media?parent=506112"}],"wp:term":[{"taxonomy":"product_brand","embeddable":true,"href":"https:\/\/lucacastelli.com\/fr\/wp-json\/wp\/v2\/product_brand?post=506112"},{"taxonomy":"product_cat","embeddable":true,"href":"https:\/\/lucacastelli.com\/fr\/wp-json\/wp\/v2\/product_cat?post=506112"},{"taxonomy":"product_tag","embeddable":true,"href":"https:\/\/lucacastelli.com\/fr\/wp-json\/wp\/v2\/product_tag?post=506112"}],"curies":[{"name":"wp","href":"https:\/\/api.w.org\/{rel}","templated":true}]}}